{"id":24566,"date":"2024-05-24T13:06:05","date_gmt":"2024-05-24T11:06:05","guid":{"rendered":"https:\/\/dller.fancybox.pl\/?post_type=product&#038;p=24566"},"modified":"2025-05-20T13:21:46","modified_gmt":"2025-05-20T11:21:46","slug":"fotel-alice","status":"publish","type":"product","link":"https:\/\/dller.pl\/en\/produkt\/fotel-alice\/","title":{"rendered":"Fotel DISA"},"content":{"rendered":"<div class=\"wpb-content-wrapper\"><p>[vc_row][vc_column][vc_column_text]<\/p>\n<p>DISA to kwintesencja dobrego designu \u0142\u0105cz\u0105cego w sobie orginalny styl i wysoki komfort u\u017cytkowania. Wygod\u0119 zapewnia wysokie profilowane oparcie, mi\u0119kkie siedzisko oraz 2 okr\u0105g\u0142e poduszki l\u0119d\u017awiowe kt\u00f3re stanowi\u0105 dodatkowy akcent dekoracyjny. Kolekcja Disa oferuje prezentowany fotel oraz podn\u00f3\u017cek. Fotel mo\u017cna uzupe\u0142ni\u0107 tak\u017ce o poduszk\u0119 zag\u0142\u00f3wkow\u0105. <em>Sprawd\u017a szczeg\u00f3\u0142y w karcie katologowej.<\/em><\/p>\n<p>Marka: Sits<\/p>\n<p>[\/vc_column_text][vc_btn title=&#8221;Karta katalogowa&#8221; style=&#8221;outline-custom&#8221; outline_custom_color=&#8221;#dd5656&#8243; outline_custom_hover_background=&#8221;#dd8989&#8243; outline_custom_hover_text=&#8221;#ffffff&#8221; i_icon_fontawesome=&#8221;far fa-file&#8221; css_animation=&#8221;fadeInUp&#8221; add_icon=&#8221;true&#8221; link=&#8221;url:https%3A%2F%2Fdller.fancybox.pl%2Fwp-content%2Fuploads%2F2024%2F05%2FDISA_karta.pdf|target:_blank&#8221;][\/vc_column][\/vc_row]<\/p>\n<\/div>","protected":false},"excerpt":{"rendered":"<p>[vc_row][vc_column][vc_column_text] DISA to kwintesencja dobrego designu \u0142\u0105cz\u0105cego w sobie orginalny styl i wysoki komfort u\u017cytkowania. Wygod\u0119 zapewnia wysokie profilowane oparcie, mi\u0119kkie siedzisko oraz 2 okr\u0105g\u0142e poduszki l\u0119d\u017awiowe kt\u00f3re stanowi\u0105 dodatkowy akcent dekoracyjny. Kolekcja Disa oferuje prezentowany fotel oraz podn\u00f3\u017cek. Fotel mo\u017cna uzupe\u0142ni\u0107 tak\u017ce o poduszk\u0119 zag\u0142\u00f3wkow\u0105. Sprawd\u017a szczeg\u00f3\u0142y w karcie katologowej. Marka: Sits [\/vc_column_text][vc_btn title=&#8221;Karta &hellip; <a href=\"https:\/\/dller.pl\/en\/produkt\/fotel-alice\/\" class=\"more-link\">Continue reading <span class=\"screen-reader-text\">Fotel DISA<\/span><\/a><\/p>\n","protected":false},"featured_media":24589,"template":"","meta":[],"product_cat":[102],"product_tag":[],"class_list":{"0":"post-24566","1":"product","2":"type-product","3":"status-publish","4":"has-post-thumbnail","6":"product_cat-fotele","9":"outofstock","10":"taxable","11":"shipping-taxable","12":"purchasable","13":"product-type-simple"},"yoast_head":"<!-- This site is optimized with the Yoast SEO plugin v23.1 - https:\/\/yoast.com\/wordpress\/plugins\/seo\/ -->\n<title>Fotel DISA - Dller<\/title>\n<meta name=\"robots\" content=\"index, follow, max-snippet:-1, max-image-preview:large, max-video-preview:-1\" \/>\n<link rel=\"canonical\" href=\"https:\/\/dller.pl\/produkt\/fotel-alice\/\" \/>\n<meta property=\"og:locale\" content=\"en_US\" \/>\n<meta property=\"og:type\" content=\"article\" \/>\n<meta property=\"og:title\" content=\"Fotel DISA - Dller\" \/>\n<meta property=\"og:description\" content=\"[vc_row][vc_column][vc_column_text] DISA to kwintesencja dobrego designu \u0142\u0105cz\u0105cego w sobie orginalny styl i wysoki komfort u\u017cytkowania. Wygod\u0119 zapewnia wysokie profilowane oparcie, mi\u0119kkie siedzisko oraz 2 okr\u0105g\u0142e poduszki l\u0119d\u017awiowe kt\u00f3re stanowi\u0105 dodatkowy akcent dekoracyjny. Kolekcja Disa oferuje prezentowany fotel oraz podn\u00f3\u017cek. Fotel mo\u017cna uzupe\u0142ni\u0107 tak\u017ce o poduszk\u0119 zag\u0142\u00f3wkow\u0105. Sprawd\u017a szczeg\u00f3\u0142y w karcie katologowej. Marka: Sits [\/vc_column_text][vc_btn title=&#8221;Karta &hellip; Continue reading Fotel DISA\" \/>\n<meta property=\"og:url\" content=\"https:\/\/dller.pl\/produkt\/fotel-alice\/\" \/>\n<meta property=\"og:site_name\" content=\"Dller\" \/>\n<meta property=\"article:modified_time\" content=\"2025-05-20T11:21:46+00:00\" \/>\n<meta property=\"og:image\" content=\"https:\/\/dller.pl\/wp-content\/uploads\/2024\/05\/disa_1.jpg\" \/>\n\t<meta property=\"og:image:width\" content=\"1920\" \/>\n\t<meta property=\"og:image:height\" content=\"1080\" \/>\n\t<meta property=\"og:image:type\" content=\"image\/jpeg\" \/>\n<meta name=\"twitter:card\" content=\"summary_large_image\" \/>\n<meta name=\"twitter:label1\" content=\"Est. reading time\" \/>\n\t<meta name=\"twitter:data1\" content=\"1 minute\" \/>\n<script type=\"application\/ld+json\" class=\"yoast-schema-graph\">{\"@context\":\"https:\/\/schema.org\",\"@graph\":[{\"@type\":\"WebPage\",\"@id\":\"https:\/\/dller.pl\/produkt\/fotel-alice\/\",\"url\":\"https:\/\/dller.pl\/produkt\/fotel-alice\/\",\"name\":\"Fotel DISA - Dller\",\"isPartOf\":{\"@id\":\"https:\/\/dller.pl\/#website\"},\"primaryImageOfPage\":{\"@id\":\"https:\/\/dller.pl\/produkt\/fotel-alice\/#primaryimage\"},\"image\":{\"@id\":\"https:\/\/dller.pl\/produkt\/fotel-alice\/#primaryimage\"},\"thumbnailUrl\":\"https:\/\/dller.pl\/wp-content\/uploads\/2024\/05\/disa_1.jpg\",\"datePublished\":\"2024-05-24T11:06:05+00:00\",\"dateModified\":\"2025-05-20T11:21:46+00:00\",\"breadcrumb\":{\"@id\":\"https:\/\/dller.pl\/produkt\/fotel-alice\/#breadcrumb\"},\"inLanguage\":\"en-US\",\"potentialAction\":[{\"@type\":\"ReadAction\",\"target\":[\"https:\/\/dller.pl\/produkt\/fotel-alice\/\"]}]},{\"@type\":\"ImageObject\",\"inLanguage\":\"en-US\",\"@id\":\"https:\/\/dller.pl\/produkt\/fotel-alice\/#primaryimage\",\"url\":\"https:\/\/dller.pl\/wp-content\/uploads\/2024\/05\/disa_1.jpg\",\"contentUrl\":\"https:\/\/dller.pl\/wp-content\/uploads\/2024\/05\/disa_1.jpg\",\"width\":1920,\"height\":1080},{\"@type\":\"BreadcrumbList\",\"@id\":\"https:\/\/dller.pl\/produkt\/fotel-alice\/#breadcrumb\",\"itemListElement\":[{\"@type\":\"ListItem\",\"position\":1,\"name\":\"Strona g\u0142\u00f3wna\",\"item\":\"https:\/\/dller.pl\/en\/\"},{\"@type\":\"ListItem\",\"position\":2,\"name\":\"Shop\",\"item\":\"https:\/\/dller.pl\/sklep\/\"},{\"@type\":\"ListItem\",\"position\":3,\"name\":\"Fotel DISA\"}]},{\"@type\":\"WebSite\",\"@id\":\"https:\/\/dller.pl\/#website\",\"url\":\"https:\/\/dller.pl\/\",\"name\":\"Dller\",\"description\":\"Meble d\u0119bowe designerskie Warszawa sklep internetowy: do salonu, sypialni, jadalni\",\"potentialAction\":[{\"@type\":\"SearchAction\",\"target\":{\"@type\":\"EntryPoint\",\"urlTemplate\":\"https:\/\/dller.pl\/?s={search_term_string}\"},\"query-input\":\"required name=search_term_string\"}],\"inLanguage\":\"en-US\"}]}<\/script>\n<!-- \/ Yoast SEO plugin. -->","yoast_head_json":{"title":"Fotel DISA - Dller","robots":{"index":"index","follow":"follow","max-snippet":"max-snippet:-1","max-image-preview":"max-image-preview:large","max-video-preview":"max-video-preview:-1"},"canonical":"https:\/\/dller.pl\/produkt\/fotel-alice\/","og_locale":"en_US","og_type":"article","og_title":"Fotel DISA - Dller","og_description":"[vc_row][vc_column][vc_column_text] DISA to kwintesencja dobrego designu \u0142\u0105cz\u0105cego w sobie orginalny styl i wysoki komfort u\u017cytkowania. Wygod\u0119 zapewnia wysokie profilowane oparcie, mi\u0119kkie siedzisko oraz 2 okr\u0105g\u0142e poduszki l\u0119d\u017awiowe kt\u00f3re stanowi\u0105 dodatkowy akcent dekoracyjny. Kolekcja Disa oferuje prezentowany fotel oraz podn\u00f3\u017cek. Fotel mo\u017cna uzupe\u0142ni\u0107 tak\u017ce o poduszk\u0119 zag\u0142\u00f3wkow\u0105. Sprawd\u017a szczeg\u00f3\u0142y w karcie katologowej. Marka: Sits [\/vc_column_text][vc_btn title=&#8221;Karta &hellip; Continue reading Fotel DISA","og_url":"https:\/\/dller.pl\/produkt\/fotel-alice\/","og_site_name":"Dller","article_modified_time":"2025-05-20T11:21:46+00:00","og_image":[{"width":1920,"height":1080,"url":"https:\/\/dller.pl\/wp-content\/uploads\/2024\/05\/disa_1.jpg","type":"image\/jpeg"}],"twitter_card":"summary_large_image","twitter_misc":{"Est. reading time":"1 minute"},"schema":{"@context":"https:\/\/schema.org","@graph":[{"@type":"WebPage","@id":"https:\/\/dller.pl\/produkt\/fotel-alice\/","url":"https:\/\/dller.pl\/produkt\/fotel-alice\/","name":"Fotel DISA - Dller","isPartOf":{"@id":"https:\/\/dller.pl\/#website"},"primaryImageOfPage":{"@id":"https:\/\/dller.pl\/produkt\/fotel-alice\/#primaryimage"},"image":{"@id":"https:\/\/dller.pl\/produkt\/fotel-alice\/#primaryimage"},"thumbnailUrl":"https:\/\/dller.pl\/wp-content\/uploads\/2024\/05\/disa_1.jpg","datePublished":"2024-05-24T11:06:05+00:00","dateModified":"2025-05-20T11:21:46+00:00","breadcrumb":{"@id":"https:\/\/dller.pl\/produkt\/fotel-alice\/#breadcrumb"},"inLanguage":"en-US","potentialAction":[{"@type":"ReadAction","target":["https:\/\/dller.pl\/produkt\/fotel-alice\/"]}]},{"@type":"ImageObject","inLanguage":"en-US","@id":"https:\/\/dller.pl\/produkt\/fotel-alice\/#primaryimage","url":"https:\/\/dller.pl\/wp-content\/uploads\/2024\/05\/disa_1.jpg","contentUrl":"https:\/\/dller.pl\/wp-content\/uploads\/2024\/05\/disa_1.jpg","width":1920,"height":1080},{"@type":"BreadcrumbList","@id":"https:\/\/dller.pl\/produkt\/fotel-alice\/#breadcrumb","itemListElement":[{"@type":"ListItem","position":1,"name":"Strona g\u0142\u00f3wna","item":"https:\/\/dller.pl\/en\/"},{"@type":"ListItem","position":2,"name":"Shop","item":"https:\/\/dller.pl\/sklep\/"},{"@type":"ListItem","position":3,"name":"Fotel DISA"}]},{"@type":"WebSite","@id":"https:\/\/dller.pl\/#website","url":"https:\/\/dller.pl\/","name":"Dller","description":"Meble d\u0119bowe designerskie Warszawa sklep internetowy: do salonu, sypialni, jadalni","potentialAction":[{"@type":"SearchAction","target":{"@type":"EntryPoint","urlTemplate":"https:\/\/dller.pl\/?s={search_term_string}"},"query-input":"required name=search_term_string"}],"inLanguage":"en-US"}]}},"_links":{"self":[{"href":"https:\/\/dller.pl\/en\/wp-json\/wp\/v2\/product\/24566"}],"collection":[{"href":"https:\/\/dller.pl\/en\/wp-json\/wp\/v2\/product"}],"about":[{"href":"https:\/\/dller.pl\/en\/wp-json\/wp\/v2\/types\/product"}],"wp:featuredmedia":[{"embeddable":true,"href":"https:\/\/dller.pl\/en\/wp-json\/wp\/v2\/media\/24589"}],"wp:attachment":[{"href":"https:\/\/dller.pl\/en\/wp-json\/wp\/v2\/media?parent=24566"}],"wp:term":[{"taxonomy":"product_cat","embeddable":true,"href":"https:\/\/dller.pl\/en\/wp-json\/wp\/v2\/product_cat?post=24566"},{"taxonomy":"product_tag","embeddable":true,"href":"https:\/\/dller.pl\/en\/wp-json\/wp\/v2\/product_tag?post=24566"}],"curies":[{"name":"wp","href":"https:\/\/api.w.org\/{rel}","templated":true}]}}