{"id":23987,"date":"2024-04-25T12:10:28","date_gmt":"2024-04-25T10:10:28","guid":{"rendered":"https:\/\/dller.fancybox.pl\/?post_type=product&#038;p=23987"},"modified":"2025-05-20T14:04:37","modified_gmt":"2025-05-20T12:04:37","slug":"stol-max25b","status":"publish","type":"product","link":"https:\/\/dller.pl\/en\/produkt\/stol-max25b\/","title":{"rendered":"St\u00f3\u0142 MAX25 BLACK"},"content":{"rendered":"<p>St\u00f3\u0142 obok kt\u00f3rego nie da si\u0119 przej\u015b\u0107 oboj\u0119tnie. Jest kwintesencj\u0105 dobrego designu. Bazuj\u0105c na podstawowym kszta\u0142cie ko\u0142a powsta\u0142 mebel o wyrafinowanej prostocie. Okr\u0105g\u0142y blat z grubego Mdf, dope\u0142niony czrnym odbijaj\u0105cym \u015bwiat\u0142o szk\u0142em, wsparto na trzech rozkloszowanych d\u0119bowych nogach. R\u00f3\u017cnorodno\u015b\u0107\u00a0 u\u017cytych materia\u0142\u00f3w w po\u0142\u0105czeniu z uj\u0119t\u0105 w idealnych proporcjach form\u0105, tworzy niezwykle sp\u00f3jn\u0105, ultra harmonijn\u0105 ca\u0142o\u015b\u0107.<\/p>\n","protected":false},"excerpt":{"rendered":"<p>St\u00f3\u0142 obok kt\u00f3rego nie da si\u0119 przej\u015b\u0107 oboj\u0119tnie. Jest kwintesencj\u0105 dobrego designu. Bazuj\u0105c na podstawowym kszta\u0142cie ko\u0142a powsta\u0142 mebel o wyrafinowanej prostocie. Okr\u0105g\u0142y blat z grubego Mdf, dope\u0142niony czrnym odbijaj\u0105cym \u015bwiat\u0142o szk\u0142em, wsparto na trzech rozkloszowanych d\u0119bowych nogach. R\u00f3\u017cnorodno\u015b\u0107\u00a0 u\u017cytych materia\u0142\u00f3w w po\u0142\u0105czeniu z uj\u0119t\u0105 w idealnych proporcjach form\u0105, tworzy niezwykle sp\u00f3jn\u0105, ultra harmonijn\u0105 ca\u0142o\u015b\u0107.<\/p>\n","protected":false},"featured_media":23994,"template":"","meta":[],"product_cat":[109],"product_tag":[],"class_list":{"0":"post-23987","1":"product","2":"type-product","3":"status-publish","4":"has-post-thumbnail","6":"product_cat-stoly-z-litego-drewna","7":"product_shipping_class-duze-gabaryty","10":"instock","11":"sale","12":"featured","13":"taxable","14":"shipping-taxable","15":"purchasable","16":"product-type-simple"},"yoast_head":"<!-- This site is optimized with the Yoast SEO plugin v23.1 - https:\/\/yoast.com\/wordpress\/plugins\/seo\/ -->\n<title>St\u00f3\u0142 MAX25 BLACK - Dller<\/title>\n<meta name=\"robots\" content=\"index, follow, max-snippet:-1, max-image-preview:large, max-video-preview:-1\" \/>\n<link rel=\"canonical\" href=\"https:\/\/dller.pl\/produkt\/stol-max25b\/\" \/>\n<meta property=\"og:locale\" content=\"en_US\" \/>\n<meta property=\"og:type\" content=\"article\" \/>\n<meta property=\"og:title\" content=\"St\u00f3\u0142 MAX25 BLACK - Dller\" \/>\n<meta property=\"og:description\" content=\"St\u00f3\u0142 obok kt\u00f3rego nie da si\u0119 przej\u015b\u0107 oboj\u0119tnie. Jest kwintesencj\u0105 dobrego designu. Bazuj\u0105c na podstawowym kszta\u0142cie ko\u0142a powsta\u0142 mebel o wyrafinowanej prostocie. Okr\u0105g\u0142y blat z grubego Mdf, dope\u0142niony czrnym odbijaj\u0105cym \u015bwiat\u0142o szk\u0142em, wsparto na trzech rozkloszowanych d\u0119bowych nogach. R\u00f3\u017cnorodno\u015b\u0107\u00a0 u\u017cytych materia\u0142\u00f3w w po\u0142\u0105czeniu z uj\u0119t\u0105 w idealnych proporcjach form\u0105, tworzy niezwykle sp\u00f3jn\u0105, ultra harmonijn\u0105 ca\u0142o\u015b\u0107.\" \/>\n<meta property=\"og:url\" content=\"https:\/\/dller.pl\/produkt\/stol-max25b\/\" \/>\n<meta property=\"og:site_name\" content=\"Dller\" \/>\n<meta property=\"article:modified_time\" content=\"2025-05-20T12:04:37+00:00\" \/>\n<meta property=\"og:image\" content=\"https:\/\/dller.pl\/wp-content\/uploads\/2024\/04\/max25_3.jpg\" \/>\n\t<meta property=\"og:image:width\" content=\"1920\" \/>\n\t<meta property=\"og:image:height\" content=\"1080\" \/>\n\t<meta property=\"og:image:type\" content=\"image\/jpeg\" \/>\n<meta name=\"twitter:card\" content=\"summary_large_image\" \/>\n<meta name=\"twitter:label1\" content=\"Est. reading time\" \/>\n\t<meta name=\"twitter:data1\" content=\"1 minute\" \/>\n<script type=\"application\/ld+json\" class=\"yoast-schema-graph\">{\"@context\":\"https:\/\/schema.org\",\"@graph\":[{\"@type\":\"WebPage\",\"@id\":\"https:\/\/dller.pl\/produkt\/stol-max25b\/\",\"url\":\"https:\/\/dller.pl\/produkt\/stol-max25b\/\",\"name\":\"St\u00f3\u0142 MAX25 BLACK - Dller\",\"isPartOf\":{\"@id\":\"https:\/\/dller.pl\/#website\"},\"primaryImageOfPage\":{\"@id\":\"https:\/\/dller.pl\/produkt\/stol-max25b\/#primaryimage\"},\"image\":{\"@id\":\"https:\/\/dller.pl\/produkt\/stol-max25b\/#primaryimage\"},\"thumbnailUrl\":\"https:\/\/dller.pl\/wp-content\/uploads\/2024\/04\/max25_3.jpg\",\"datePublished\":\"2024-04-25T10:10:28+00:00\",\"dateModified\":\"2025-05-20T12:04:37+00:00\",\"breadcrumb\":{\"@id\":\"https:\/\/dller.pl\/produkt\/stol-max25b\/#breadcrumb\"},\"inLanguage\":\"en-US\",\"potentialAction\":[{\"@type\":\"ReadAction\",\"target\":[\"https:\/\/dller.pl\/produkt\/stol-max25b\/\"]}]},{\"@type\":\"ImageObject\",\"inLanguage\":\"en-US\",\"@id\":\"https:\/\/dller.pl\/produkt\/stol-max25b\/#primaryimage\",\"url\":\"https:\/\/dller.pl\/wp-content\/uploads\/2024\/04\/max25_3.jpg\",\"contentUrl\":\"https:\/\/dller.pl\/wp-content\/uploads\/2024\/04\/max25_3.jpg\",\"width\":1920,\"height\":1080},{\"@type\":\"BreadcrumbList\",\"@id\":\"https:\/\/dller.pl\/produkt\/stol-max25b\/#breadcrumb\",\"itemListElement\":[{\"@type\":\"ListItem\",\"position\":1,\"name\":\"Strona g\u0142\u00f3wna\",\"item\":\"https:\/\/dller.pl\/en\/\"},{\"@type\":\"ListItem\",\"position\":2,\"name\":\"Shop\",\"item\":\"https:\/\/dller.pl\/sklep\/\"},{\"@type\":\"ListItem\",\"position\":3,\"name\":\"St\u00f3\u0142 MAX25 BLACK\"}]},{\"@type\":\"WebSite\",\"@id\":\"https:\/\/dller.pl\/#website\",\"url\":\"https:\/\/dller.pl\/\",\"name\":\"Dller\",\"description\":\"Meble d\u0119bowe designerskie Warszawa sklep internetowy: do salonu, sypialni, jadalni\",\"potentialAction\":[{\"@type\":\"SearchAction\",\"target\":{\"@type\":\"EntryPoint\",\"urlTemplate\":\"https:\/\/dller.pl\/?s={search_term_string}\"},\"query-input\":\"required name=search_term_string\"}],\"inLanguage\":\"en-US\"}]}<\/script>\n<!-- \/ Yoast SEO plugin. -->","yoast_head_json":{"title":"St\u00f3\u0142 MAX25 BLACK - Dller","robots":{"index":"index","follow":"follow","max-snippet":"max-snippet:-1","max-image-preview":"max-image-preview:large","max-video-preview":"max-video-preview:-1"},"canonical":"https:\/\/dller.pl\/produkt\/stol-max25b\/","og_locale":"en_US","og_type":"article","og_title":"St\u00f3\u0142 MAX25 BLACK - Dller","og_description":"St\u00f3\u0142 obok kt\u00f3rego nie da si\u0119 przej\u015b\u0107 oboj\u0119tnie. Jest kwintesencj\u0105 dobrego designu. Bazuj\u0105c na podstawowym kszta\u0142cie ko\u0142a powsta\u0142 mebel o wyrafinowanej prostocie. Okr\u0105g\u0142y blat z grubego Mdf, dope\u0142niony czrnym odbijaj\u0105cym \u015bwiat\u0142o szk\u0142em, wsparto na trzech rozkloszowanych d\u0119bowych nogach. R\u00f3\u017cnorodno\u015b\u0107\u00a0 u\u017cytych materia\u0142\u00f3w w po\u0142\u0105czeniu z uj\u0119t\u0105 w idealnych proporcjach form\u0105, tworzy niezwykle sp\u00f3jn\u0105, ultra harmonijn\u0105 ca\u0142o\u015b\u0107.","og_url":"https:\/\/dller.pl\/produkt\/stol-max25b\/","og_site_name":"Dller","article_modified_time":"2025-05-20T12:04:37+00:00","og_image":[{"width":1920,"height":1080,"url":"https:\/\/dller.pl\/wp-content\/uploads\/2024\/04\/max25_3.jpg","type":"image\/jpeg"}],"twitter_card":"summary_large_image","twitter_misc":{"Est. reading time":"1 minute"},"schema":{"@context":"https:\/\/schema.org","@graph":[{"@type":"WebPage","@id":"https:\/\/dller.pl\/produkt\/stol-max25b\/","url":"https:\/\/dller.pl\/produkt\/stol-max25b\/","name":"St\u00f3\u0142 MAX25 BLACK - Dller","isPartOf":{"@id":"https:\/\/dller.pl\/#website"},"primaryImageOfPage":{"@id":"https:\/\/dller.pl\/produkt\/stol-max25b\/#primaryimage"},"image":{"@id":"https:\/\/dller.pl\/produkt\/stol-max25b\/#primaryimage"},"thumbnailUrl":"https:\/\/dller.pl\/wp-content\/uploads\/2024\/04\/max25_3.jpg","datePublished":"2024-04-25T10:10:28+00:00","dateModified":"2025-05-20T12:04:37+00:00","breadcrumb":{"@id":"https:\/\/dller.pl\/produkt\/stol-max25b\/#breadcrumb"},"inLanguage":"en-US","potentialAction":[{"@type":"ReadAction","target":["https:\/\/dller.pl\/produkt\/stol-max25b\/"]}]},{"@type":"ImageObject","inLanguage":"en-US","@id":"https:\/\/dller.pl\/produkt\/stol-max25b\/#primaryimage","url":"https:\/\/dller.pl\/wp-content\/uploads\/2024\/04\/max25_3.jpg","contentUrl":"https:\/\/dller.pl\/wp-content\/uploads\/2024\/04\/max25_3.jpg","width":1920,"height":1080},{"@type":"BreadcrumbList","@id":"https:\/\/dller.pl\/produkt\/stol-max25b\/#breadcrumb","itemListElement":[{"@type":"ListItem","position":1,"name":"Strona g\u0142\u00f3wna","item":"https:\/\/dller.pl\/en\/"},{"@type":"ListItem","position":2,"name":"Shop","item":"https:\/\/dller.pl\/sklep\/"},{"@type":"ListItem","position":3,"name":"St\u00f3\u0142 MAX25 BLACK"}]},{"@type":"WebSite","@id":"https:\/\/dller.pl\/#website","url":"https:\/\/dller.pl\/","name":"Dller","description":"Meble d\u0119bowe designerskie Warszawa sklep internetowy: do salonu, sypialni, jadalni","potentialAction":[{"@type":"SearchAction","target":{"@type":"EntryPoint","urlTemplate":"https:\/\/dller.pl\/?s={search_term_string}"},"query-input":"required name=search_term_string"}],"inLanguage":"en-US"}]}},"_links":{"self":[{"href":"https:\/\/dller.pl\/en\/wp-json\/wp\/v2\/product\/23987"}],"collection":[{"href":"https:\/\/dller.pl\/en\/wp-json\/wp\/v2\/product"}],"about":[{"href":"https:\/\/dller.pl\/en\/wp-json\/wp\/v2\/types\/product"}],"wp:featuredmedia":[{"embeddable":true,"href":"https:\/\/dller.pl\/en\/wp-json\/wp\/v2\/media\/23994"}],"wp:attachment":[{"href":"https:\/\/dller.pl\/en\/wp-json\/wp\/v2\/media?parent=23987"}],"wp:term":[{"taxonomy":"product_cat","embeddable":true,"href":"https:\/\/dller.pl\/en\/wp-json\/wp\/v2\/product_cat?post=23987"},{"taxonomy":"product_tag","embeddable":true,"href":"https:\/\/dller.pl\/en\/wp-json\/wp\/v2\/product_tag?post=23987"}],"curies":[{"name":"wp","href":"https:\/\/api.w.org\/{rel}","templated":true}]}}