{"id":12295,"date":"2019-09-11T13:59:32","date_gmt":"2019-09-11T11:59:32","guid":{"rendered":"http:\/\/dller.fancybox.pl\/import-placeholder-for-668\/"},"modified":"2025-05-20T13:24:07","modified_gmt":"2025-05-20T11:24:07","slug":"fotel-mokka-swivel","status":"publish","type":"product","link":"https:\/\/dller.pl\/en\/produkt\/fotel-mokka-swivel\/","title":{"rendered":"Fotel MOKKA SWIVEL"},"content":{"rendered":"<div class=\"wpb-content-wrapper\"><p>[vc_row][vc_column][vc_column_text]<\/p>\n<p>MOKKA to zabawna wariacja na temat fotela \u2013 przypomina mi\u0119kk\u0105 puf\u0119, ale dzi\u0119ki dodaniu dyskretnego, idealnie wyprofilowanego oparcia \u015bmia\u0142o pe\u0142ni rol\u0119 wygodnego\u00a0 fotelika. Kolekcja Mokka to prezentowany fotel na metalowej obrotnicy oraz fotel na plastikowych n\u00f3\u017ckach i 3 warianty podn\u00f3\u017ck\u00f3w. Sprawd\u017a szczeg\u00f3\u0142y w karcie katalogowej.<\/p>\n<p>[\/vc_column_text][vc_btn title=&#8221;Karta katalogowa&#8221; style=&#8221;outline-custom&#8221; outline_custom_color=&#8221;#dd5656&#8243; outline_custom_hover_background=&#8221;#dd8989&#8243; outline_custom_hover_text=&#8221;#ffffff&#8221; i_icon_fontawesome=&#8221;far fa-file&#8221; css_animation=&#8221;fadeInUp&#8221; add_icon=&#8221;true&#8221; link=&#8221;url:https%3A%2F%2Fdller.fancybox.pl%2Fwp-content%2Fuploads%2F2024%2F05%2FMOKKA_karta.pdf|target:_blank&#8221;][\/vc_column][\/vc_row]<\/p>\n<\/div>","protected":false},"excerpt":{"rendered":"<p>[vc_row][vc_column][vc_column_text] MOKKA to zabawna wariacja na temat fotela \u2013 przypomina mi\u0119kk\u0105 puf\u0119, ale dzi\u0119ki dodaniu dyskretnego, idealnie wyprofilowanego oparcia \u015bmia\u0142o pe\u0142ni rol\u0119 wygodnego\u00a0 fotelika. Kolekcja Mokka to prezentowany fotel na metalowej obrotnicy oraz fotel na plastikowych n\u00f3\u017ckach i 3 warianty podn\u00f3\u017ck\u00f3w. Sprawd\u017a szczeg\u00f3\u0142y w karcie katalogowej. [\/vc_column_text][vc_btn title=&#8221;Karta katalogowa&#8221; style=&#8221;outline-custom&#8221; outline_custom_color=&#8221;#dd5656&#8243; outline_custom_hover_background=&#8221;#dd8989&#8243; outline_custom_hover_text=&#8221;#ffffff&#8221; i_icon_fontawesome=&#8221;far fa-file&#8221; &hellip; <a href=\"https:\/\/dller.pl\/en\/produkt\/fotel-mokka-swivel\/\" class=\"more-link\">Continue reading <span class=\"screen-reader-text\">Fotel MOKKA SWIVEL<\/span><\/a><\/p>\n","protected":false},"featured_media":24531,"template":"","meta":[],"product_cat":[102],"product_tag":[],"class_list":{"0":"post-12295","1":"product","2":"type-product","3":"status-publish","4":"has-post-thumbnail","6":"product_cat-fotele","9":"outofstock","10":"featured","11":"taxable","12":"shipping-taxable","13":"purchasable","14":"product-type-simple"},"yoast_head":"<!-- This site is optimized with the Yoast SEO plugin v23.1 - https:\/\/yoast.com\/wordpress\/plugins\/seo\/ -->\n<title>Fotel MOKKA SWIVEL - Dller<\/title>\n<meta name=\"robots\" content=\"index, follow, max-snippet:-1, max-image-preview:large, max-video-preview:-1\" \/>\n<link rel=\"canonical\" href=\"https:\/\/dller.pl\/produkt\/fotel-mokka-swivel\/\" \/>\n<meta property=\"og:locale\" content=\"en_US\" \/>\n<meta property=\"og:type\" content=\"article\" \/>\n<meta property=\"og:title\" content=\"Fotel MOKKA SWIVEL - Dller\" \/>\n<meta property=\"og:description\" content=\"[vc_row][vc_column][vc_column_text] MOKKA to zabawna wariacja na temat fotela \u2013 przypomina mi\u0119kk\u0105 puf\u0119, ale dzi\u0119ki dodaniu dyskretnego, idealnie wyprofilowanego oparcia \u015bmia\u0142o pe\u0142ni rol\u0119 wygodnego\u00a0 fotelika. Kolekcja Mokka to prezentowany fotel na metalowej obrotnicy oraz fotel na plastikowych n\u00f3\u017ckach i 3 warianty podn\u00f3\u017ck\u00f3w. Sprawd\u017a szczeg\u00f3\u0142y w karcie katalogowej. [\/vc_column_text][vc_btn title=&#8221;Karta katalogowa&#8221; style=&#8221;outline-custom&#8221; outline_custom_color=&#8221;#dd5656&#8243; outline_custom_hover_background=&#8221;#dd8989&#8243; outline_custom_hover_text=&#8221;#ffffff&#8221; i_icon_fontawesome=&#8221;far fa-file&#8221; &hellip; Continue reading Fotel MOKKA SWIVEL\" \/>\n<meta property=\"og:url\" content=\"https:\/\/dller.pl\/produkt\/fotel-mokka-swivel\/\" \/>\n<meta property=\"og:site_name\" content=\"Dller\" \/>\n<meta property=\"article:modified_time\" content=\"2025-05-20T11:24:07+00:00\" \/>\n<meta property=\"og:image\" content=\"https:\/\/dller.pl\/wp-content\/uploads\/2019\/09\/mokka_1.jpg\" \/>\n\t<meta property=\"og:image:width\" content=\"1920\" \/>\n\t<meta property=\"og:image:height\" content=\"1080\" \/>\n\t<meta property=\"og:image:type\" content=\"image\/jpeg\" \/>\n<meta name=\"twitter:card\" content=\"summary_large_image\" \/>\n<meta name=\"twitter:label1\" content=\"Est. reading time\" \/>\n\t<meta name=\"twitter:data1\" content=\"1 minute\" \/>\n<script type=\"application\/ld+json\" class=\"yoast-schema-graph\">{\"@context\":\"https:\/\/schema.org\",\"@graph\":[{\"@type\":\"WebPage\",\"@id\":\"https:\/\/dller.pl\/produkt\/fotel-mokka-swivel\/\",\"url\":\"https:\/\/dller.pl\/produkt\/fotel-mokka-swivel\/\",\"name\":\"Fotel MOKKA SWIVEL - Dller\",\"isPartOf\":{\"@id\":\"https:\/\/dller.pl\/#website\"},\"primaryImageOfPage\":{\"@id\":\"https:\/\/dller.pl\/produkt\/fotel-mokka-swivel\/#primaryimage\"},\"image\":{\"@id\":\"https:\/\/dller.pl\/produkt\/fotel-mokka-swivel\/#primaryimage\"},\"thumbnailUrl\":\"https:\/\/dller.pl\/wp-content\/uploads\/2019\/09\/mokka_1.jpg\",\"datePublished\":\"2019-09-11T11:59:32+00:00\",\"dateModified\":\"2025-05-20T11:24:07+00:00\",\"breadcrumb\":{\"@id\":\"https:\/\/dller.pl\/produkt\/fotel-mokka-swivel\/#breadcrumb\"},\"inLanguage\":\"en-US\",\"potentialAction\":[{\"@type\":\"ReadAction\",\"target\":[\"https:\/\/dller.pl\/produkt\/fotel-mokka-swivel\/\"]}]},{\"@type\":\"ImageObject\",\"inLanguage\":\"en-US\",\"@id\":\"https:\/\/dller.pl\/produkt\/fotel-mokka-swivel\/#primaryimage\",\"url\":\"https:\/\/dller.pl\/wp-content\/uploads\/2019\/09\/mokka_1.jpg\",\"contentUrl\":\"https:\/\/dller.pl\/wp-content\/uploads\/2019\/09\/mokka_1.jpg\",\"width\":1920,\"height\":1080},{\"@type\":\"BreadcrumbList\",\"@id\":\"https:\/\/dller.pl\/produkt\/fotel-mokka-swivel\/#breadcrumb\",\"itemListElement\":[{\"@type\":\"ListItem\",\"position\":1,\"name\":\"Strona g\u0142\u00f3wna\",\"item\":\"https:\/\/dller.pl\/en\/\"},{\"@type\":\"ListItem\",\"position\":2,\"name\":\"Shop\",\"item\":\"https:\/\/dller.pl\/sklep\/\"},{\"@type\":\"ListItem\",\"position\":3,\"name\":\"Fotel MOKKA SWIVEL\"}]},{\"@type\":\"WebSite\",\"@id\":\"https:\/\/dller.pl\/#website\",\"url\":\"https:\/\/dller.pl\/\",\"name\":\"Dller\",\"description\":\"Meble d\u0119bowe designerskie Warszawa sklep internetowy: do salonu, sypialni, jadalni\",\"potentialAction\":[{\"@type\":\"SearchAction\",\"target\":{\"@type\":\"EntryPoint\",\"urlTemplate\":\"https:\/\/dller.pl\/?s={search_term_string}\"},\"query-input\":\"required name=search_term_string\"}],\"inLanguage\":\"en-US\"}]}<\/script>\n<!-- \/ Yoast SEO plugin. -->","yoast_head_json":{"title":"Fotel MOKKA SWIVEL - Dller","robots":{"index":"index","follow":"follow","max-snippet":"max-snippet:-1","max-image-preview":"max-image-preview:large","max-video-preview":"max-video-preview:-1"},"canonical":"https:\/\/dller.pl\/produkt\/fotel-mokka-swivel\/","og_locale":"en_US","og_type":"article","og_title":"Fotel MOKKA SWIVEL - Dller","og_description":"[vc_row][vc_column][vc_column_text] MOKKA to zabawna wariacja na temat fotela \u2013 przypomina mi\u0119kk\u0105 puf\u0119, ale dzi\u0119ki dodaniu dyskretnego, idealnie wyprofilowanego oparcia \u015bmia\u0142o pe\u0142ni rol\u0119 wygodnego\u00a0 fotelika. Kolekcja Mokka to prezentowany fotel na metalowej obrotnicy oraz fotel na plastikowych n\u00f3\u017ckach i 3 warianty podn\u00f3\u017ck\u00f3w. Sprawd\u017a szczeg\u00f3\u0142y w karcie katalogowej. [\/vc_column_text][vc_btn title=&#8221;Karta katalogowa&#8221; style=&#8221;outline-custom&#8221; outline_custom_color=&#8221;#dd5656&#8243; outline_custom_hover_background=&#8221;#dd8989&#8243; outline_custom_hover_text=&#8221;#ffffff&#8221; i_icon_fontawesome=&#8221;far fa-file&#8221; &hellip; Continue reading Fotel MOKKA SWIVEL","og_url":"https:\/\/dller.pl\/produkt\/fotel-mokka-swivel\/","og_site_name":"Dller","article_modified_time":"2025-05-20T11:24:07+00:00","og_image":[{"width":1920,"height":1080,"url":"https:\/\/dller.pl\/wp-content\/uploads\/2019\/09\/mokka_1.jpg","type":"image\/jpeg"}],"twitter_card":"summary_large_image","twitter_misc":{"Est. reading time":"1 minute"},"schema":{"@context":"https:\/\/schema.org","@graph":[{"@type":"WebPage","@id":"https:\/\/dller.pl\/produkt\/fotel-mokka-swivel\/","url":"https:\/\/dller.pl\/produkt\/fotel-mokka-swivel\/","name":"Fotel MOKKA SWIVEL - Dller","isPartOf":{"@id":"https:\/\/dller.pl\/#website"},"primaryImageOfPage":{"@id":"https:\/\/dller.pl\/produkt\/fotel-mokka-swivel\/#primaryimage"},"image":{"@id":"https:\/\/dller.pl\/produkt\/fotel-mokka-swivel\/#primaryimage"},"thumbnailUrl":"https:\/\/dller.pl\/wp-content\/uploads\/2019\/09\/mokka_1.jpg","datePublished":"2019-09-11T11:59:32+00:00","dateModified":"2025-05-20T11:24:07+00:00","breadcrumb":{"@id":"https:\/\/dller.pl\/produkt\/fotel-mokka-swivel\/#breadcrumb"},"inLanguage":"en-US","potentialAction":[{"@type":"ReadAction","target":["https:\/\/dller.pl\/produkt\/fotel-mokka-swivel\/"]}]},{"@type":"ImageObject","inLanguage":"en-US","@id":"https:\/\/dller.pl\/produkt\/fotel-mokka-swivel\/#primaryimage","url":"https:\/\/dller.pl\/wp-content\/uploads\/2019\/09\/mokka_1.jpg","contentUrl":"https:\/\/dller.pl\/wp-content\/uploads\/2019\/09\/mokka_1.jpg","width":1920,"height":1080},{"@type":"BreadcrumbList","@id":"https:\/\/dller.pl\/produkt\/fotel-mokka-swivel\/#breadcrumb","itemListElement":[{"@type":"ListItem","position":1,"name":"Strona g\u0142\u00f3wna","item":"https:\/\/dller.pl\/en\/"},{"@type":"ListItem","position":2,"name":"Shop","item":"https:\/\/dller.pl\/sklep\/"},{"@type":"ListItem","position":3,"name":"Fotel MOKKA SWIVEL"}]},{"@type":"WebSite","@id":"https:\/\/dller.pl\/#website","url":"https:\/\/dller.pl\/","name":"Dller","description":"Meble d\u0119bowe designerskie Warszawa sklep internetowy: do salonu, sypialni, jadalni","potentialAction":[{"@type":"SearchAction","target":{"@type":"EntryPoint","urlTemplate":"https:\/\/dller.pl\/?s={search_term_string}"},"query-input":"required name=search_term_string"}],"inLanguage":"en-US"}]}},"_links":{"self":[{"href":"https:\/\/dller.pl\/en\/wp-json\/wp\/v2\/product\/12295"}],"collection":[{"href":"https:\/\/dller.pl\/en\/wp-json\/wp\/v2\/product"}],"about":[{"href":"https:\/\/dller.pl\/en\/wp-json\/wp\/v2\/types\/product"}],"wp:featuredmedia":[{"embeddable":true,"href":"https:\/\/dller.pl\/en\/wp-json\/wp\/v2\/media\/24531"}],"wp:attachment":[{"href":"https:\/\/dller.pl\/en\/wp-json\/wp\/v2\/media?parent=12295"}],"wp:term":[{"taxonomy":"product_cat","embeddable":true,"href":"https:\/\/dller.pl\/en\/wp-json\/wp\/v2\/product_cat?post=12295"},{"taxonomy":"product_tag","embeddable":true,"href":"https:\/\/dller.pl\/en\/wp-json\/wp\/v2\/product_tag?post=12295"}],"curies":[{"name":"wp","href":"https:\/\/api.w.org\/{rel}","templated":true}]}}