{"id":12211,"date":"2019-11-14T14:16:39","date_gmt":"2019-11-14T13:16:39","guid":{"rendered":"http:\/\/dller.fancybox.pl\/import-placeholder-for-615\/"},"modified":"2024-06-17T10:31:13","modified_gmt":"2024-06-17T08:31:13","slug":"regalik-slim-jim","status":"publish","type":"product","link":"https:\/\/dller.pl\/en\/produkt\/regalik-slim-jim\/","title":{"rendered":"REGALIK SLIM JIM"},"content":{"rendered":"<p>Uniwersalny Slim Jim &#8211;\u00a0 idealnie sprawdzi si\u0119 w pokoju dziennym, dzieci\u0119cym, w \u0142azience czy kuchni.\u00a0 Dzi\u0119ki wymiarom zagospodaruje ka\u017cdy niewielki fragment \u015bciany i stanie sie urokliwym dodatkiem wnetrza w rozmiarze S.<\/p>\n<p>&nbsp;<\/p>\n","protected":false},"excerpt":{"rendered":"<p>Uniwersalny Slim Jim &#8211;\u00a0 idealnie sprawdzi si\u0119 w pokoju dziennym, dzieci\u0119cym, w \u0142azience czy kuchni.\u00a0 Dzi\u0119ki wymiarom zagospodaruje ka\u017cdy niewielki fragment \u015bciany i stanie sie urokliwym dodatkiem wnetrza w rozmiarze S. &nbsp;<\/p>\n","protected":false},"featured_media":12357,"template":"","meta":[],"product_cat":[376],"product_tag":[],"class_list":{"0":"post-12211","1":"product","2":"type-product","3":"status-publish","4":"has-post-thumbnail","6":"product_cat-bibliotekiregaliki-z-litego-drewna","7":"product_shipping_class-duze-gabaryty","10":"instock","11":"taxable","12":"shipping-taxable","13":"purchasable","14":"product-type-simple"},"yoast_head":"<!-- This site is optimized with the Yoast SEO plugin v23.1 - https:\/\/yoast.com\/wordpress\/plugins\/seo\/ -->\n<title>REGALIK SLIM JIM - Dller<\/title>\n<meta name=\"robots\" content=\"index, follow, max-snippet:-1, max-image-preview:large, max-video-preview:-1\" \/>\n<link rel=\"canonical\" href=\"https:\/\/dller.pl\/produkt\/regalik-slim-jim\/\" \/>\n<meta property=\"og:locale\" content=\"en_US\" \/>\n<meta property=\"og:type\" content=\"article\" \/>\n<meta property=\"og:title\" content=\"REGALIK SLIM JIM - Dller\" \/>\n<meta property=\"og:description\" content=\"Uniwersalny Slim Jim &#8211;\u00a0 idealnie sprawdzi si\u0119 w pokoju dziennym, dzieci\u0119cym, w \u0142azience czy kuchni.\u00a0 Dzi\u0119ki wymiarom zagospodaruje ka\u017cdy niewielki fragment \u015bciany i stanie sie urokliwym dodatkiem wnetrza w rozmiarze S. &nbsp;\" \/>\n<meta property=\"og:url\" content=\"https:\/\/dller.pl\/produkt\/regalik-slim-jim\/\" \/>\n<meta property=\"og:site_name\" content=\"Dller\" \/>\n<meta property=\"article:modified_time\" content=\"2024-06-17T08:31:13+00:00\" \/>\n<meta property=\"og:image\" content=\"https:\/\/dller.pl\/wp-content\/uploads\/2019\/08\/img_d615i4020o_SlimJim_1_5848_1920_1080-1.jpg\" \/>\n\t<meta property=\"og:image:width\" content=\"1920\" \/>\n\t<meta property=\"og:image:height\" content=\"1080\" \/>\n\t<meta property=\"og:image:type\" content=\"image\/jpeg\" \/>\n<meta name=\"twitter:card\" content=\"summary_large_image\" \/>\n<meta name=\"twitter:label1\" content=\"Est. reading time\" \/>\n\t<meta name=\"twitter:data1\" content=\"1 minute\" \/>\n<script type=\"application\/ld+json\" class=\"yoast-schema-graph\">{\"@context\":\"https:\/\/schema.org\",\"@graph\":[{\"@type\":\"WebPage\",\"@id\":\"https:\/\/dller.pl\/produkt\/regalik-slim-jim\/\",\"url\":\"https:\/\/dller.pl\/produkt\/regalik-slim-jim\/\",\"name\":\"REGALIK SLIM JIM - Dller\",\"isPartOf\":{\"@id\":\"https:\/\/dller.pl\/#website\"},\"primaryImageOfPage\":{\"@id\":\"https:\/\/dller.pl\/produkt\/regalik-slim-jim\/#primaryimage\"},\"image\":{\"@id\":\"https:\/\/dller.pl\/produkt\/regalik-slim-jim\/#primaryimage\"},\"thumbnailUrl\":\"https:\/\/dller.pl\/wp-content\/uploads\/2019\/08\/img_d615i4020o_SlimJim_1_5848_1920_1080-1.jpg\",\"datePublished\":\"2019-11-14T13:16:39+00:00\",\"dateModified\":\"2024-06-17T08:31:13+00:00\",\"breadcrumb\":{\"@id\":\"https:\/\/dller.pl\/produkt\/regalik-slim-jim\/#breadcrumb\"},\"inLanguage\":\"en-US\",\"potentialAction\":[{\"@type\":\"ReadAction\",\"target\":[\"https:\/\/dller.pl\/produkt\/regalik-slim-jim\/\"]}]},{\"@type\":\"ImageObject\",\"inLanguage\":\"en-US\",\"@id\":\"https:\/\/dller.pl\/produkt\/regalik-slim-jim\/#primaryimage\",\"url\":\"https:\/\/dller.pl\/wp-content\/uploads\/2019\/08\/img_d615i4020o_SlimJim_1_5848_1920_1080-1.jpg\",\"contentUrl\":\"https:\/\/dller.pl\/wp-content\/uploads\/2019\/08\/img_d615i4020o_SlimJim_1_5848_1920_1080-1.jpg\",\"width\":1920,\"height\":1080},{\"@type\":\"BreadcrumbList\",\"@id\":\"https:\/\/dller.pl\/produkt\/regalik-slim-jim\/#breadcrumb\",\"itemListElement\":[{\"@type\":\"ListItem\",\"position\":1,\"name\":\"Strona g\u0142\u00f3wna\",\"item\":\"https:\/\/dller.pl\/en\/\"},{\"@type\":\"ListItem\",\"position\":2,\"name\":\"Shop\",\"item\":\"https:\/\/dller.pl\/sklep\/\"},{\"@type\":\"ListItem\",\"position\":3,\"name\":\"REGALIK SLIM JIM\"}]},{\"@type\":\"WebSite\",\"@id\":\"https:\/\/dller.pl\/#website\",\"url\":\"https:\/\/dller.pl\/\",\"name\":\"Dller\",\"description\":\"Meble d\u0119bowe designerskie Warszawa sklep internetowy: do salonu, sypialni, jadalni\",\"potentialAction\":[{\"@type\":\"SearchAction\",\"target\":{\"@type\":\"EntryPoint\",\"urlTemplate\":\"https:\/\/dller.pl\/?s={search_term_string}\"},\"query-input\":\"required name=search_term_string\"}],\"inLanguage\":\"en-US\"}]}<\/script>\n<!-- \/ Yoast SEO plugin. -->","yoast_head_json":{"title":"REGALIK SLIM JIM - Dller","robots":{"index":"index","follow":"follow","max-snippet":"max-snippet:-1","max-image-preview":"max-image-preview:large","max-video-preview":"max-video-preview:-1"},"canonical":"https:\/\/dller.pl\/produkt\/regalik-slim-jim\/","og_locale":"en_US","og_type":"article","og_title":"REGALIK SLIM JIM - Dller","og_description":"Uniwersalny Slim Jim &#8211;\u00a0 idealnie sprawdzi si\u0119 w pokoju dziennym, dzieci\u0119cym, w \u0142azience czy kuchni.\u00a0 Dzi\u0119ki wymiarom zagospodaruje ka\u017cdy niewielki fragment \u015bciany i stanie sie urokliwym dodatkiem wnetrza w rozmiarze S. &nbsp;","og_url":"https:\/\/dller.pl\/produkt\/regalik-slim-jim\/","og_site_name":"Dller","article_modified_time":"2024-06-17T08:31:13+00:00","og_image":[{"width":1920,"height":1080,"url":"https:\/\/dller.pl\/wp-content\/uploads\/2019\/08\/img_d615i4020o_SlimJim_1_5848_1920_1080-1.jpg","type":"image\/jpeg"}],"twitter_card":"summary_large_image","twitter_misc":{"Est. reading time":"1 minute"},"schema":{"@context":"https:\/\/schema.org","@graph":[{"@type":"WebPage","@id":"https:\/\/dller.pl\/produkt\/regalik-slim-jim\/","url":"https:\/\/dller.pl\/produkt\/regalik-slim-jim\/","name":"REGALIK SLIM JIM - Dller","isPartOf":{"@id":"https:\/\/dller.pl\/#website"},"primaryImageOfPage":{"@id":"https:\/\/dller.pl\/produkt\/regalik-slim-jim\/#primaryimage"},"image":{"@id":"https:\/\/dller.pl\/produkt\/regalik-slim-jim\/#primaryimage"},"thumbnailUrl":"https:\/\/dller.pl\/wp-content\/uploads\/2019\/08\/img_d615i4020o_SlimJim_1_5848_1920_1080-1.jpg","datePublished":"2019-11-14T13:16:39+00:00","dateModified":"2024-06-17T08:31:13+00:00","breadcrumb":{"@id":"https:\/\/dller.pl\/produkt\/regalik-slim-jim\/#breadcrumb"},"inLanguage":"en-US","potentialAction":[{"@type":"ReadAction","target":["https:\/\/dller.pl\/produkt\/regalik-slim-jim\/"]}]},{"@type":"ImageObject","inLanguage":"en-US","@id":"https:\/\/dller.pl\/produkt\/regalik-slim-jim\/#primaryimage","url":"https:\/\/dller.pl\/wp-content\/uploads\/2019\/08\/img_d615i4020o_SlimJim_1_5848_1920_1080-1.jpg","contentUrl":"https:\/\/dller.pl\/wp-content\/uploads\/2019\/08\/img_d615i4020o_SlimJim_1_5848_1920_1080-1.jpg","width":1920,"height":1080},{"@type":"BreadcrumbList","@id":"https:\/\/dller.pl\/produkt\/regalik-slim-jim\/#breadcrumb","itemListElement":[{"@type":"ListItem","position":1,"name":"Strona g\u0142\u00f3wna","item":"https:\/\/dller.pl\/en\/"},{"@type":"ListItem","position":2,"name":"Shop","item":"https:\/\/dller.pl\/sklep\/"},{"@type":"ListItem","position":3,"name":"REGALIK SLIM JIM"}]},{"@type":"WebSite","@id":"https:\/\/dller.pl\/#website","url":"https:\/\/dller.pl\/","name":"Dller","description":"Meble d\u0119bowe designerskie Warszawa sklep internetowy: do salonu, sypialni, jadalni","potentialAction":[{"@type":"SearchAction","target":{"@type":"EntryPoint","urlTemplate":"https:\/\/dller.pl\/?s={search_term_string}"},"query-input":"required name=search_term_string"}],"inLanguage":"en-US"}]}},"_links":{"self":[{"href":"https:\/\/dller.pl\/en\/wp-json\/wp\/v2\/product\/12211"}],"collection":[{"href":"https:\/\/dller.pl\/en\/wp-json\/wp\/v2\/product"}],"about":[{"href":"https:\/\/dller.pl\/en\/wp-json\/wp\/v2\/types\/product"}],"wp:featuredmedia":[{"embeddable":true,"href":"https:\/\/dller.pl\/en\/wp-json\/wp\/v2\/media\/12357"}],"wp:attachment":[{"href":"https:\/\/dller.pl\/en\/wp-json\/wp\/v2\/media?parent=12211"}],"wp:term":[{"taxonomy":"product_cat","embeddable":true,"href":"https:\/\/dller.pl\/en\/wp-json\/wp\/v2\/product_cat?post=12211"},{"taxonomy":"product_tag","embeddable":true,"href":"https:\/\/dller.pl\/en\/wp-json\/wp\/v2\/product_tag?post=12211"}],"curies":[{"name":"wp","href":"https:\/\/api.w.org\/{rel}","templated":true}]}}