{"id":12195,"date":"2019-09-11T13:57:18","date_gmt":"2019-09-11T11:57:18","guid":{"rendered":"http:\/\/dller.fancybox.pl\/import-placeholder-for-530\/"},"modified":"2026-02-11T14:45:37","modified_gmt":"2026-02-11T13:45:37","slug":"stolik-max-11d","status":"publish","type":"product","link":"https:\/\/dller.pl\/en\/produkt\/stolik-max-11d\/","title":{"rendered":"STOLIK MAX 11D"},"content":{"rendered":"<p>Przyci\u0105ga uwag\u0119 minimalizmem i surowym designem. Naturalne drewno d\u0119bowe w po\u0142\u0105czeniu z czarnym metalem to klasyka gatunku. Stolik idealny dla mi\u0142o\u015bnik\u00f3w nowoczesnych aran\u017cacji czy stylistyki miejskich loft\u00f3w.<\/p>\n","protected":false},"excerpt":{"rendered":"<p>Przyci\u0105ga uwag\u0119 minimalizmem i surowym designem. Naturalne drewno d\u0119bowe w po\u0142\u0105czeniu z czarnym metalem to klasyka gatunku. Stolik idealny dla mi\u0142o\u015bnik\u00f3w nowoczesnych aran\u017cacji czy stylistyki miejskich loft\u00f3w.<\/p>\n","protected":false},"featured_media":10056,"template":"","meta":[],"product_cat":[379],"product_tag":[],"class_list":{"0":"post-12195","1":"product","2":"type-product","3":"status-publish","4":"has-post-thumbnail","6":"product_cat-stolikistoliki-kawowe","7":"product_shipping_class-mniejsze-gabaryty","8":"pa_kolor-blatu-bleached-oak","9":"pa_kolor-blatu-colonial-brown","10":"pa_kolor-blatu-copper-brown-45","11":"pa_kolor-blatu-curcuma-42","12":"pa_kolor-blatu-dark-walnut-74","13":"pa_kolor-blatu-golden-wax","14":"pa_kolor-blatu-teak-53","15":"pa_kolor-blatu-wenge","18":"instock","19":"taxable","20":"shipping-taxable","21":"purchasable","22":"product-type-simple"},"yoast_head":"<!-- This site is optimized with the Yoast SEO plugin v23.1 - https:\/\/yoast.com\/wordpress\/plugins\/seo\/ -->\n<title>STOLIK MAX 11D - Dller<\/title>\n<meta name=\"robots\" content=\"index, follow, max-snippet:-1, max-image-preview:large, max-video-preview:-1\" \/>\n<link rel=\"canonical\" href=\"https:\/\/dller.pl\/produkt\/stolik-max-11d\/\" \/>\n<meta property=\"og:locale\" content=\"en_US\" \/>\n<meta property=\"og:type\" content=\"article\" \/>\n<meta property=\"og:title\" content=\"STOLIK MAX 11D - Dller\" \/>\n<meta property=\"og:description\" content=\"Przyci\u0105ga uwag\u0119 minimalizmem i surowym designem. Naturalne drewno d\u0119bowe w po\u0142\u0105czeniu z czarnym metalem to klasyka gatunku. Stolik idealny dla mi\u0142o\u015bnik\u00f3w nowoczesnych aran\u017cacji czy stylistyki miejskich loft\u00f3w.\" \/>\n<meta property=\"og:url\" content=\"https:\/\/dller.pl\/produkt\/stolik-max-11d\/\" \/>\n<meta property=\"og:site_name\" content=\"Dller\" \/>\n<meta property=\"article:modified_time\" content=\"2026-02-11T13:45:37+00:00\" \/>\n<meta property=\"og:image\" content=\"https:\/\/dller.pl\/wp-content\/uploads\/2019\/08\/img_d530i4386o_MAX11d_1_6287_1920_1080.jpg\" \/>\n\t<meta property=\"og:image:width\" content=\"1920\" \/>\n\t<meta property=\"og:image:height\" content=\"1080\" \/>\n\t<meta property=\"og:image:type\" content=\"image\/jpeg\" \/>\n<meta name=\"twitter:card\" content=\"summary_large_image\" \/>\n<meta name=\"twitter:label1\" content=\"Est. reading time\" \/>\n\t<meta name=\"twitter:data1\" content=\"1 minute\" \/>\n<script type=\"application\/ld+json\" class=\"yoast-schema-graph\">{\"@context\":\"https:\/\/schema.org\",\"@graph\":[{\"@type\":\"WebPage\",\"@id\":\"https:\/\/dller.pl\/produkt\/stolik-max-11d\/\",\"url\":\"https:\/\/dller.pl\/produkt\/stolik-max-11d\/\",\"name\":\"STOLIK MAX 11D - Dller\",\"isPartOf\":{\"@id\":\"https:\/\/dller.pl\/#website\"},\"primaryImageOfPage\":{\"@id\":\"https:\/\/dller.pl\/produkt\/stolik-max-11d\/#primaryimage\"},\"image\":{\"@id\":\"https:\/\/dller.pl\/produkt\/stolik-max-11d\/#primaryimage\"},\"thumbnailUrl\":\"https:\/\/dller.pl\/wp-content\/uploads\/2019\/08\/img_d530i4386o_MAX11d_1_6287_1920_1080.jpg\",\"datePublished\":\"2019-09-11T11:57:18+00:00\",\"dateModified\":\"2026-02-11T13:45:37+00:00\",\"breadcrumb\":{\"@id\":\"https:\/\/dller.pl\/produkt\/stolik-max-11d\/#breadcrumb\"},\"inLanguage\":\"en-US\",\"potentialAction\":[{\"@type\":\"ReadAction\",\"target\":[\"https:\/\/dller.pl\/produkt\/stolik-max-11d\/\"]}]},{\"@type\":\"ImageObject\",\"inLanguage\":\"en-US\",\"@id\":\"https:\/\/dller.pl\/produkt\/stolik-max-11d\/#primaryimage\",\"url\":\"https:\/\/dller.pl\/wp-content\/uploads\/2019\/08\/img_d530i4386o_MAX11d_1_6287_1920_1080.jpg\",\"contentUrl\":\"https:\/\/dller.pl\/wp-content\/uploads\/2019\/08\/img_d530i4386o_MAX11d_1_6287_1920_1080.jpg\",\"width\":1920,\"height\":1080},{\"@type\":\"BreadcrumbList\",\"@id\":\"https:\/\/dller.pl\/produkt\/stolik-max-11d\/#breadcrumb\",\"itemListElement\":[{\"@type\":\"ListItem\",\"position\":1,\"name\":\"Strona g\u0142\u00f3wna\",\"item\":\"https:\/\/dller.pl\/en\/\"},{\"@type\":\"ListItem\",\"position\":2,\"name\":\"Shop\",\"item\":\"https:\/\/dller.pl\/sklep\/\"},{\"@type\":\"ListItem\",\"position\":3,\"name\":\"STOLIK MAX 11D\"}]},{\"@type\":\"WebSite\",\"@id\":\"https:\/\/dller.pl\/#website\",\"url\":\"https:\/\/dller.pl\/\",\"name\":\"Dller\",\"description\":\"Meble d\u0119bowe designerskie Warszawa sklep internetowy: do salonu, sypialni, jadalni\",\"potentialAction\":[{\"@type\":\"SearchAction\",\"target\":{\"@type\":\"EntryPoint\",\"urlTemplate\":\"https:\/\/dller.pl\/?s={search_term_string}\"},\"query-input\":\"required name=search_term_string\"}],\"inLanguage\":\"en-US\"}]}<\/script>\n<!-- \/ Yoast SEO plugin. -->","yoast_head_json":{"title":"STOLIK MAX 11D - Dller","robots":{"index":"index","follow":"follow","max-snippet":"max-snippet:-1","max-image-preview":"max-image-preview:large","max-video-preview":"max-video-preview:-1"},"canonical":"https:\/\/dller.pl\/produkt\/stolik-max-11d\/","og_locale":"en_US","og_type":"article","og_title":"STOLIK MAX 11D - Dller","og_description":"Przyci\u0105ga uwag\u0119 minimalizmem i surowym designem. Naturalne drewno d\u0119bowe w po\u0142\u0105czeniu z czarnym metalem to klasyka gatunku. Stolik idealny dla mi\u0142o\u015bnik\u00f3w nowoczesnych aran\u017cacji czy stylistyki miejskich loft\u00f3w.","og_url":"https:\/\/dller.pl\/produkt\/stolik-max-11d\/","og_site_name":"Dller","article_modified_time":"2026-02-11T13:45:37+00:00","og_image":[{"width":1920,"height":1080,"url":"https:\/\/dller.pl\/wp-content\/uploads\/2019\/08\/img_d530i4386o_MAX11d_1_6287_1920_1080.jpg","type":"image\/jpeg"}],"twitter_card":"summary_large_image","twitter_misc":{"Est. reading time":"1 minute"},"schema":{"@context":"https:\/\/schema.org","@graph":[{"@type":"WebPage","@id":"https:\/\/dller.pl\/produkt\/stolik-max-11d\/","url":"https:\/\/dller.pl\/produkt\/stolik-max-11d\/","name":"STOLIK MAX 11D - Dller","isPartOf":{"@id":"https:\/\/dller.pl\/#website"},"primaryImageOfPage":{"@id":"https:\/\/dller.pl\/produkt\/stolik-max-11d\/#primaryimage"},"image":{"@id":"https:\/\/dller.pl\/produkt\/stolik-max-11d\/#primaryimage"},"thumbnailUrl":"https:\/\/dller.pl\/wp-content\/uploads\/2019\/08\/img_d530i4386o_MAX11d_1_6287_1920_1080.jpg","datePublished":"2019-09-11T11:57:18+00:00","dateModified":"2026-02-11T13:45:37+00:00","breadcrumb":{"@id":"https:\/\/dller.pl\/produkt\/stolik-max-11d\/#breadcrumb"},"inLanguage":"en-US","potentialAction":[{"@type":"ReadAction","target":["https:\/\/dller.pl\/produkt\/stolik-max-11d\/"]}]},{"@type":"ImageObject","inLanguage":"en-US","@id":"https:\/\/dller.pl\/produkt\/stolik-max-11d\/#primaryimage","url":"https:\/\/dller.pl\/wp-content\/uploads\/2019\/08\/img_d530i4386o_MAX11d_1_6287_1920_1080.jpg","contentUrl":"https:\/\/dller.pl\/wp-content\/uploads\/2019\/08\/img_d530i4386o_MAX11d_1_6287_1920_1080.jpg","width":1920,"height":1080},{"@type":"BreadcrumbList","@id":"https:\/\/dller.pl\/produkt\/stolik-max-11d\/#breadcrumb","itemListElement":[{"@type":"ListItem","position":1,"name":"Strona g\u0142\u00f3wna","item":"https:\/\/dller.pl\/en\/"},{"@type":"ListItem","position":2,"name":"Shop","item":"https:\/\/dller.pl\/sklep\/"},{"@type":"ListItem","position":3,"name":"STOLIK MAX 11D"}]},{"@type":"WebSite","@id":"https:\/\/dller.pl\/#website","url":"https:\/\/dller.pl\/","name":"Dller","description":"Meble d\u0119bowe designerskie Warszawa sklep internetowy: do salonu, sypialni, jadalni","potentialAction":[{"@type":"SearchAction","target":{"@type":"EntryPoint","urlTemplate":"https:\/\/dller.pl\/?s={search_term_string}"},"query-input":"required name=search_term_string"}],"inLanguage":"en-US"}]}},"_links":{"self":[{"href":"https:\/\/dller.pl\/en\/wp-json\/wp\/v2\/product\/12195"}],"collection":[{"href":"https:\/\/dller.pl\/en\/wp-json\/wp\/v2\/product"}],"about":[{"href":"https:\/\/dller.pl\/en\/wp-json\/wp\/v2\/types\/product"}],"wp:featuredmedia":[{"embeddable":true,"href":"https:\/\/dller.pl\/en\/wp-json\/wp\/v2\/media\/10056"}],"wp:attachment":[{"href":"https:\/\/dller.pl\/en\/wp-json\/wp\/v2\/media?parent=12195"}],"wp:term":[{"taxonomy":"product_cat","embeddable":true,"href":"https:\/\/dller.pl\/en\/wp-json\/wp\/v2\/product_cat?post=12195"},{"taxonomy":"product_tag","embeddable":true,"href":"https:\/\/dller.pl\/en\/wp-json\/wp\/v2\/product_tag?post=12195"}],"curies":[{"name":"wp","href":"https:\/\/api.w.org\/{rel}","templated":true}]}}