{"id":12158,"date":"2019-09-11T13:56:10","date_gmt":"2019-09-11T11:56:10","guid":{"rendered":"http:\/\/dller.fancybox.pl\/import-placeholder-for-330\/"},"modified":"2024-06-17T13:44:48","modified_gmt":"2024-06-17T11:44:48","slug":"szafka-hot-02","status":"publish","type":"product","link":"https:\/\/dller.pl\/en\/produkt\/szafka-hot-02\/","title":{"rendered":"SZAFKA HOT 02"},"content":{"rendered":"<p>Nowoczesna i ponadczasowa, prosta i oryginalna. HOT 02 to propozycja dla ceni\u0105cych dobre wzornictwo i nietuzinkowe rozwi\u0105zania. Najwi\u0119ksz\u0105 uwag\u0119 w tym projekcie skupiaj\u0105 drzwiczki &#8211; to one odgrywaj\u0105\u00a0tu pierwszoplanow\u0105 rol\u0119. Poziome listewki zamontowane na ich froncie daj\u0105 ciekawy efekt dwuwymiarowo\u015bci. Wypuk\u0142o\u015b\u0107 listewek i panel stanowi\u0105cy dla nich t\u0142o, prowokuj\u0105 \u015bwiat\u0142o i cie\u0144 do subtelnej gry, dodaj\u0105c naturalnej barwie drewna d\u0119bowego nieco wyrazisto\u015bci.<\/p>\n","protected":false},"excerpt":{"rendered":"<p>Nowoczesna i ponadczasowa, prosta i oryginalna. HOT 02 to propozycja dla ceni\u0105cych dobre wzornictwo i nietuzinkowe rozwi\u0105zania. Najwi\u0119ksz\u0105 uwag\u0119 w tym projekcie skupiaj\u0105 drzwiczki &#8211; to one odgrywaj\u0105\u00a0tu pierwszoplanow\u0105 rol\u0119. Poziome listewki zamontowane na ich froncie daj\u0105 ciekawy efekt dwuwymiarowo\u015bci. Wypuk\u0142o\u015b\u0107 listewek i panel stanowi\u0105cy dla nich t\u0142o, prowokuj\u0105 \u015bwiat\u0142o i cie\u0144 do subtelnej gry, &hellip; <a href=\"https:\/\/dller.pl\/en\/produkt\/szafka-hot-02\/\" class=\"more-link\">Continue reading <span class=\"screen-reader-text\">SZAFKA HOT 02<\/span><\/a><\/p>\n","protected":false},"featured_media":9469,"template":"","meta":[],"product_cat":[375],"product_tag":[],"class_list":{"0":"post-12158","1":"product","2":"type-product","3":"status-publish","4":"has-post-thumbnail","6":"product_cat-komody-szafki","7":"product_shipping_class-duze-gabaryty","10":"instock","11":"taxable","12":"shipping-taxable","13":"purchasable","14":"product-type-simple"},"yoast_head":"<!-- This site is optimized with the Yoast SEO plugin v23.1 - https:\/\/yoast.com\/wordpress\/plugins\/seo\/ -->\n<title>SZAFKA HOT 02 - Dller<\/title>\n<meta name=\"robots\" content=\"index, follow, max-snippet:-1, max-image-preview:large, max-video-preview:-1\" \/>\n<link rel=\"canonical\" href=\"https:\/\/dller.pl\/produkt\/szafka-hot-02\/\" \/>\n<meta property=\"og:locale\" content=\"en_US\" \/>\n<meta property=\"og:type\" content=\"article\" \/>\n<meta property=\"og:title\" content=\"SZAFKA HOT 02 - Dller\" \/>\n<meta property=\"og:description\" content=\"Nowoczesna i ponadczasowa, prosta i oryginalna. HOT 02 to propozycja dla ceni\u0105cych dobre wzornictwo i nietuzinkowe rozwi\u0105zania. Najwi\u0119ksz\u0105 uwag\u0119 w tym projekcie skupiaj\u0105 drzwiczki &#8211; to one odgrywaj\u0105\u00a0tu pierwszoplanow\u0105 rol\u0119. Poziome listewki zamontowane na ich froncie daj\u0105 ciekawy efekt dwuwymiarowo\u015bci. Wypuk\u0142o\u015b\u0107 listewek i panel stanowi\u0105cy dla nich t\u0142o, prowokuj\u0105 \u015bwiat\u0142o i cie\u0144 do subtelnej gry, &hellip; Continue reading SZAFKA HOT 02\" \/>\n<meta property=\"og:url\" content=\"https:\/\/dller.pl\/produkt\/szafka-hot-02\/\" \/>\n<meta property=\"og:site_name\" content=\"Dller\" \/>\n<meta property=\"article:modified_time\" content=\"2024-06-17T11:44:48+00:00\" \/>\n<meta property=\"og:image\" content=\"https:\/\/dller.pl\/wp-content\/uploads\/2019\/08\/img_d330i4592o_HOT02_1_6533_1920_1080.jpg\" \/>\n\t<meta property=\"og:image:width\" content=\"1920\" \/>\n\t<meta property=\"og:image:height\" content=\"1080\" \/>\n\t<meta property=\"og:image:type\" content=\"image\/jpeg\" \/>\n<meta name=\"twitter:card\" content=\"summary_large_image\" \/>\n<meta name=\"twitter:label1\" content=\"Est. reading time\" \/>\n\t<meta name=\"twitter:data1\" content=\"1 minute\" \/>\n<script type=\"application\/ld+json\" class=\"yoast-schema-graph\">{\"@context\":\"https:\/\/schema.org\",\"@graph\":[{\"@type\":\"WebPage\",\"@id\":\"https:\/\/dller.pl\/produkt\/szafka-hot-02\/\",\"url\":\"https:\/\/dller.pl\/produkt\/szafka-hot-02\/\",\"name\":\"SZAFKA HOT 02 - Dller\",\"isPartOf\":{\"@id\":\"https:\/\/dller.pl\/#website\"},\"primaryImageOfPage\":{\"@id\":\"https:\/\/dller.pl\/produkt\/szafka-hot-02\/#primaryimage\"},\"image\":{\"@id\":\"https:\/\/dller.pl\/produkt\/szafka-hot-02\/#primaryimage\"},\"thumbnailUrl\":\"https:\/\/dller.pl\/wp-content\/uploads\/2019\/08\/img_d330i4592o_HOT02_1_6533_1920_1080.jpg\",\"datePublished\":\"2019-09-11T11:56:10+00:00\",\"dateModified\":\"2024-06-17T11:44:48+00:00\",\"breadcrumb\":{\"@id\":\"https:\/\/dller.pl\/produkt\/szafka-hot-02\/#breadcrumb\"},\"inLanguage\":\"en-US\",\"potentialAction\":[{\"@type\":\"ReadAction\",\"target\":[\"https:\/\/dller.pl\/produkt\/szafka-hot-02\/\"]}]},{\"@type\":\"ImageObject\",\"inLanguage\":\"en-US\",\"@id\":\"https:\/\/dller.pl\/produkt\/szafka-hot-02\/#primaryimage\",\"url\":\"https:\/\/dller.pl\/wp-content\/uploads\/2019\/08\/img_d330i4592o_HOT02_1_6533_1920_1080.jpg\",\"contentUrl\":\"https:\/\/dller.pl\/wp-content\/uploads\/2019\/08\/img_d330i4592o_HOT02_1_6533_1920_1080.jpg\",\"width\":1920,\"height\":1080},{\"@type\":\"BreadcrumbList\",\"@id\":\"https:\/\/dller.pl\/produkt\/szafka-hot-02\/#breadcrumb\",\"itemListElement\":[{\"@type\":\"ListItem\",\"position\":1,\"name\":\"Strona g\u0142\u00f3wna\",\"item\":\"https:\/\/dller.pl\/en\/\"},{\"@type\":\"ListItem\",\"position\":2,\"name\":\"Shop\",\"item\":\"https:\/\/dller.pl\/sklep\/\"},{\"@type\":\"ListItem\",\"position\":3,\"name\":\"SZAFKA HOT 02\"}]},{\"@type\":\"WebSite\",\"@id\":\"https:\/\/dller.pl\/#website\",\"url\":\"https:\/\/dller.pl\/\",\"name\":\"Dller\",\"description\":\"Meble d\u0119bowe designerskie Warszawa sklep internetowy: do salonu, sypialni, jadalni\",\"potentialAction\":[{\"@type\":\"SearchAction\",\"target\":{\"@type\":\"EntryPoint\",\"urlTemplate\":\"https:\/\/dller.pl\/?s={search_term_string}\"},\"query-input\":\"required name=search_term_string\"}],\"inLanguage\":\"en-US\"}]}<\/script>\n<!-- \/ Yoast SEO plugin. -->","yoast_head_json":{"title":"SZAFKA HOT 02 - Dller","robots":{"index":"index","follow":"follow","max-snippet":"max-snippet:-1","max-image-preview":"max-image-preview:large","max-video-preview":"max-video-preview:-1"},"canonical":"https:\/\/dller.pl\/produkt\/szafka-hot-02\/","og_locale":"en_US","og_type":"article","og_title":"SZAFKA HOT 02 - Dller","og_description":"Nowoczesna i ponadczasowa, prosta i oryginalna. HOT 02 to propozycja dla ceni\u0105cych dobre wzornictwo i nietuzinkowe rozwi\u0105zania. Najwi\u0119ksz\u0105 uwag\u0119 w tym projekcie skupiaj\u0105 drzwiczki &#8211; to one odgrywaj\u0105\u00a0tu pierwszoplanow\u0105 rol\u0119. Poziome listewki zamontowane na ich froncie daj\u0105 ciekawy efekt dwuwymiarowo\u015bci. Wypuk\u0142o\u015b\u0107 listewek i panel stanowi\u0105cy dla nich t\u0142o, prowokuj\u0105 \u015bwiat\u0142o i cie\u0144 do subtelnej gry, &hellip; Continue reading SZAFKA HOT 02","og_url":"https:\/\/dller.pl\/produkt\/szafka-hot-02\/","og_site_name":"Dller","article_modified_time":"2024-06-17T11:44:48+00:00","og_image":[{"width":1920,"height":1080,"url":"https:\/\/dller.pl\/wp-content\/uploads\/2019\/08\/img_d330i4592o_HOT02_1_6533_1920_1080.jpg","type":"image\/jpeg"}],"twitter_card":"summary_large_image","twitter_misc":{"Est. reading time":"1 minute"},"schema":{"@context":"https:\/\/schema.org","@graph":[{"@type":"WebPage","@id":"https:\/\/dller.pl\/produkt\/szafka-hot-02\/","url":"https:\/\/dller.pl\/produkt\/szafka-hot-02\/","name":"SZAFKA HOT 02 - Dller","isPartOf":{"@id":"https:\/\/dller.pl\/#website"},"primaryImageOfPage":{"@id":"https:\/\/dller.pl\/produkt\/szafka-hot-02\/#primaryimage"},"image":{"@id":"https:\/\/dller.pl\/produkt\/szafka-hot-02\/#primaryimage"},"thumbnailUrl":"https:\/\/dller.pl\/wp-content\/uploads\/2019\/08\/img_d330i4592o_HOT02_1_6533_1920_1080.jpg","datePublished":"2019-09-11T11:56:10+00:00","dateModified":"2024-06-17T11:44:48+00:00","breadcrumb":{"@id":"https:\/\/dller.pl\/produkt\/szafka-hot-02\/#breadcrumb"},"inLanguage":"en-US","potentialAction":[{"@type":"ReadAction","target":["https:\/\/dller.pl\/produkt\/szafka-hot-02\/"]}]},{"@type":"ImageObject","inLanguage":"en-US","@id":"https:\/\/dller.pl\/produkt\/szafka-hot-02\/#primaryimage","url":"https:\/\/dller.pl\/wp-content\/uploads\/2019\/08\/img_d330i4592o_HOT02_1_6533_1920_1080.jpg","contentUrl":"https:\/\/dller.pl\/wp-content\/uploads\/2019\/08\/img_d330i4592o_HOT02_1_6533_1920_1080.jpg","width":1920,"height":1080},{"@type":"BreadcrumbList","@id":"https:\/\/dller.pl\/produkt\/szafka-hot-02\/#breadcrumb","itemListElement":[{"@type":"ListItem","position":1,"name":"Strona g\u0142\u00f3wna","item":"https:\/\/dller.pl\/en\/"},{"@type":"ListItem","position":2,"name":"Shop","item":"https:\/\/dller.pl\/sklep\/"},{"@type":"ListItem","position":3,"name":"SZAFKA HOT 02"}]},{"@type":"WebSite","@id":"https:\/\/dller.pl\/#website","url":"https:\/\/dller.pl\/","name":"Dller","description":"Meble d\u0119bowe designerskie Warszawa sklep internetowy: do salonu, sypialni, jadalni","potentialAction":[{"@type":"SearchAction","target":{"@type":"EntryPoint","urlTemplate":"https:\/\/dller.pl\/?s={search_term_string}"},"query-input":"required name=search_term_string"}],"inLanguage":"en-US"}]}},"_links":{"self":[{"href":"https:\/\/dller.pl\/en\/wp-json\/wp\/v2\/product\/12158"}],"collection":[{"href":"https:\/\/dller.pl\/en\/wp-json\/wp\/v2\/product"}],"about":[{"href":"https:\/\/dller.pl\/en\/wp-json\/wp\/v2\/types\/product"}],"wp:featuredmedia":[{"embeddable":true,"href":"https:\/\/dller.pl\/en\/wp-json\/wp\/v2\/media\/9469"}],"wp:attachment":[{"href":"https:\/\/dller.pl\/en\/wp-json\/wp\/v2\/media?parent=12158"}],"wp:term":[{"taxonomy":"product_cat","embeddable":true,"href":"https:\/\/dller.pl\/en\/wp-json\/wp\/v2\/product_cat?post=12158"},{"taxonomy":"product_tag","embeddable":true,"href":"https:\/\/dller.pl\/en\/wp-json\/wp\/v2\/product_tag?post=12158"}],"curies":[{"name":"wp","href":"https:\/\/api.w.org\/{rel}","templated":true}]}}