{"id":12109,"date":"2019-11-08T13:51:26","date_gmt":"2019-11-08T12:51:26","guid":{"rendered":"http:\/\/dller.fancybox.pl\/import-placeholder-for-59\/"},"modified":"2026-02-11T14:30:16","modified_gmt":"2026-02-11T13:30:16","slug":"biblioteka-3110","status":"publish","type":"product","link":"https:\/\/dller.pl\/en\/produkt\/biblioteka-3110\/","title":{"rendered":"BIBLIOTEKA 3110"},"content":{"rendered":"<p>Subtelna i elegancka biblioteka to niew\u0105tpliwy atut salonowej aran\u017cacji. To tak\u017ce po\u017c\u0105dany mebel w urz\u0105dzaniu jadalni. Dolna cz\u0119\u015b\u0107 pos\u0142u\u017cy do przechowywania zastawy sto\u0142owej i obrus\u00f3w, a za cz\u0119\u015bci\u0105 przeszklon\u0105 mo\u017cna ustawi\u0107\u00a0 dekoracyjne ozdoby. Mebel idealnie wpisze si\u0119 we wn\u0119trza utrzymane w przytulnym angielskim stylu cottage.<\/p>\n","protected":false},"excerpt":{"rendered":"<p>Subtelna i elegancka biblioteka to niew\u0105tpliwy atut salonowej aran\u017cacji. To tak\u017ce po\u017c\u0105dany mebel w urz\u0105dzaniu jadalni. Dolna cz\u0119\u015b\u0107 pos\u0142u\u017cy do przechowywania zastawy sto\u0142owej i obrus\u00f3w, a za cz\u0119\u015bci\u0105 przeszklon\u0105 mo\u017cna ustawi\u0107\u00a0 dekoracyjne ozdoby. Mebel idealnie wpisze si\u0119 we wn\u0119trza utrzymane w przytulnym angielskim stylu cottage.<\/p>\n","protected":false},"featured_media":8562,"template":"","meta":[],"product_cat":[376],"product_tag":[],"class_list":{"0":"post-12109","1":"product","2":"type-product","3":"status-publish","4":"has-post-thumbnail","6":"product_cat-bibliotekiregaliki-z-litego-drewna","7":"product_shipping_class-wielkie-gabaryty","10":"instock","11":"featured","12":"taxable","13":"shipping-taxable","14":"purchasable","15":"product-type-simple"},"yoast_head":"<!-- This site is optimized with the Yoast SEO plugin v23.1 - https:\/\/yoast.com\/wordpress\/plugins\/seo\/ -->\n<title>BIBLIOTEKA 3110 - Dller<\/title>\n<meta name=\"robots\" content=\"index, follow, max-snippet:-1, max-image-preview:large, max-video-preview:-1\" \/>\n<link rel=\"canonical\" href=\"https:\/\/dller.pl\/produkt\/biblioteka-3110\/\" \/>\n<meta property=\"og:locale\" content=\"en_US\" \/>\n<meta property=\"og:type\" content=\"article\" \/>\n<meta property=\"og:title\" content=\"BIBLIOTEKA 3110 - Dller\" \/>\n<meta property=\"og:description\" content=\"Subtelna i elegancka biblioteka to niew\u0105tpliwy atut salonowej aran\u017cacji. To tak\u017ce po\u017c\u0105dany mebel w urz\u0105dzaniu jadalni. Dolna cz\u0119\u015b\u0107 pos\u0142u\u017cy do przechowywania zastawy sto\u0142owej i obrus\u00f3w, a za cz\u0119\u015bci\u0105 przeszklon\u0105 mo\u017cna ustawi\u0107\u00a0 dekoracyjne ozdoby. Mebel idealnie wpisze si\u0119 we wn\u0119trza utrzymane w przytulnym angielskim stylu cottage.\" \/>\n<meta property=\"og:url\" content=\"https:\/\/dller.pl\/produkt\/biblioteka-3110\/\" \/>\n<meta property=\"og:site_name\" content=\"Dller\" \/>\n<meta property=\"article:modified_time\" content=\"2026-02-11T13:30:16+00:00\" \/>\n<meta property=\"og:image\" content=\"https:\/\/dller.pl\/wp-content\/uploads\/2019\/08\/img_d59i4007o_3110_1_5832_1920_1080.jpg\" \/>\n\t<meta property=\"og:image:width\" content=\"1920\" \/>\n\t<meta property=\"og:image:height\" content=\"1080\" \/>\n\t<meta property=\"og:image:type\" content=\"image\/jpeg\" \/>\n<meta name=\"twitter:card\" content=\"summary_large_image\" \/>\n<meta name=\"twitter:label1\" content=\"Est. reading time\" \/>\n\t<meta name=\"twitter:data1\" content=\"1 minute\" \/>\n<script type=\"application\/ld+json\" class=\"yoast-schema-graph\">{\"@context\":\"https:\/\/schema.org\",\"@graph\":[{\"@type\":\"WebPage\",\"@id\":\"https:\/\/dller.pl\/produkt\/biblioteka-3110\/\",\"url\":\"https:\/\/dller.pl\/produkt\/biblioteka-3110\/\",\"name\":\"BIBLIOTEKA 3110 - Dller\",\"isPartOf\":{\"@id\":\"https:\/\/dller.pl\/#website\"},\"primaryImageOfPage\":{\"@id\":\"https:\/\/dller.pl\/produkt\/biblioteka-3110\/#primaryimage\"},\"image\":{\"@id\":\"https:\/\/dller.pl\/produkt\/biblioteka-3110\/#primaryimage\"},\"thumbnailUrl\":\"https:\/\/dller.pl\/wp-content\/uploads\/2019\/08\/img_d59i4007o_3110_1_5832_1920_1080.jpg\",\"datePublished\":\"2019-11-08T12:51:26+00:00\",\"dateModified\":\"2026-02-11T13:30:16+00:00\",\"breadcrumb\":{\"@id\":\"https:\/\/dller.pl\/produkt\/biblioteka-3110\/#breadcrumb\"},\"inLanguage\":\"en-US\",\"potentialAction\":[{\"@type\":\"ReadAction\",\"target\":[\"https:\/\/dller.pl\/produkt\/biblioteka-3110\/\"]}]},{\"@type\":\"ImageObject\",\"inLanguage\":\"en-US\",\"@id\":\"https:\/\/dller.pl\/produkt\/biblioteka-3110\/#primaryimage\",\"url\":\"https:\/\/dller.pl\/wp-content\/uploads\/2019\/08\/img_d59i4007o_3110_1_5832_1920_1080.jpg\",\"contentUrl\":\"https:\/\/dller.pl\/wp-content\/uploads\/2019\/08\/img_d59i4007o_3110_1_5832_1920_1080.jpg\",\"width\":1920,\"height\":1080},{\"@type\":\"BreadcrumbList\",\"@id\":\"https:\/\/dller.pl\/produkt\/biblioteka-3110\/#breadcrumb\",\"itemListElement\":[{\"@type\":\"ListItem\",\"position\":1,\"name\":\"Strona g\u0142\u00f3wna\",\"item\":\"https:\/\/dller.pl\/en\/\"},{\"@type\":\"ListItem\",\"position\":2,\"name\":\"Shop\",\"item\":\"https:\/\/dller.pl\/sklep\/\"},{\"@type\":\"ListItem\",\"position\":3,\"name\":\"BIBLIOTEKA 3110\"}]},{\"@type\":\"WebSite\",\"@id\":\"https:\/\/dller.pl\/#website\",\"url\":\"https:\/\/dller.pl\/\",\"name\":\"Dller\",\"description\":\"Meble d\u0119bowe designerskie Warszawa sklep internetowy: do salonu, sypialni, jadalni\",\"potentialAction\":[{\"@type\":\"SearchAction\",\"target\":{\"@type\":\"EntryPoint\",\"urlTemplate\":\"https:\/\/dller.pl\/?s={search_term_string}\"},\"query-input\":\"required name=search_term_string\"}],\"inLanguage\":\"en-US\"}]}<\/script>\n<!-- \/ Yoast SEO plugin. -->","yoast_head_json":{"title":"BIBLIOTEKA 3110 - Dller","robots":{"index":"index","follow":"follow","max-snippet":"max-snippet:-1","max-image-preview":"max-image-preview:large","max-video-preview":"max-video-preview:-1"},"canonical":"https:\/\/dller.pl\/produkt\/biblioteka-3110\/","og_locale":"en_US","og_type":"article","og_title":"BIBLIOTEKA 3110 - Dller","og_description":"Subtelna i elegancka biblioteka to niew\u0105tpliwy atut salonowej aran\u017cacji. To tak\u017ce po\u017c\u0105dany mebel w urz\u0105dzaniu jadalni. Dolna cz\u0119\u015b\u0107 pos\u0142u\u017cy do przechowywania zastawy sto\u0142owej i obrus\u00f3w, a za cz\u0119\u015bci\u0105 przeszklon\u0105 mo\u017cna ustawi\u0107\u00a0 dekoracyjne ozdoby. Mebel idealnie wpisze si\u0119 we wn\u0119trza utrzymane w przytulnym angielskim stylu cottage.","og_url":"https:\/\/dller.pl\/produkt\/biblioteka-3110\/","og_site_name":"Dller","article_modified_time":"2026-02-11T13:30:16+00:00","og_image":[{"width":1920,"height":1080,"url":"https:\/\/dller.pl\/wp-content\/uploads\/2019\/08\/img_d59i4007o_3110_1_5832_1920_1080.jpg","type":"image\/jpeg"}],"twitter_card":"summary_large_image","twitter_misc":{"Est. reading time":"1 minute"},"schema":{"@context":"https:\/\/schema.org","@graph":[{"@type":"WebPage","@id":"https:\/\/dller.pl\/produkt\/biblioteka-3110\/","url":"https:\/\/dller.pl\/produkt\/biblioteka-3110\/","name":"BIBLIOTEKA 3110 - Dller","isPartOf":{"@id":"https:\/\/dller.pl\/#website"},"primaryImageOfPage":{"@id":"https:\/\/dller.pl\/produkt\/biblioteka-3110\/#primaryimage"},"image":{"@id":"https:\/\/dller.pl\/produkt\/biblioteka-3110\/#primaryimage"},"thumbnailUrl":"https:\/\/dller.pl\/wp-content\/uploads\/2019\/08\/img_d59i4007o_3110_1_5832_1920_1080.jpg","datePublished":"2019-11-08T12:51:26+00:00","dateModified":"2026-02-11T13:30:16+00:00","breadcrumb":{"@id":"https:\/\/dller.pl\/produkt\/biblioteka-3110\/#breadcrumb"},"inLanguage":"en-US","potentialAction":[{"@type":"ReadAction","target":["https:\/\/dller.pl\/produkt\/biblioteka-3110\/"]}]},{"@type":"ImageObject","inLanguage":"en-US","@id":"https:\/\/dller.pl\/produkt\/biblioteka-3110\/#primaryimage","url":"https:\/\/dller.pl\/wp-content\/uploads\/2019\/08\/img_d59i4007o_3110_1_5832_1920_1080.jpg","contentUrl":"https:\/\/dller.pl\/wp-content\/uploads\/2019\/08\/img_d59i4007o_3110_1_5832_1920_1080.jpg","width":1920,"height":1080},{"@type":"BreadcrumbList","@id":"https:\/\/dller.pl\/produkt\/biblioteka-3110\/#breadcrumb","itemListElement":[{"@type":"ListItem","position":1,"name":"Strona g\u0142\u00f3wna","item":"https:\/\/dller.pl\/en\/"},{"@type":"ListItem","position":2,"name":"Shop","item":"https:\/\/dller.pl\/sklep\/"},{"@type":"ListItem","position":3,"name":"BIBLIOTEKA 3110"}]},{"@type":"WebSite","@id":"https:\/\/dller.pl\/#website","url":"https:\/\/dller.pl\/","name":"Dller","description":"Meble d\u0119bowe designerskie Warszawa sklep internetowy: do salonu, sypialni, jadalni","potentialAction":[{"@type":"SearchAction","target":{"@type":"EntryPoint","urlTemplate":"https:\/\/dller.pl\/?s={search_term_string}"},"query-input":"required name=search_term_string"}],"inLanguage":"en-US"}]}},"_links":{"self":[{"href":"https:\/\/dller.pl\/en\/wp-json\/wp\/v2\/product\/12109"}],"collection":[{"href":"https:\/\/dller.pl\/en\/wp-json\/wp\/v2\/product"}],"about":[{"href":"https:\/\/dller.pl\/en\/wp-json\/wp\/v2\/types\/product"}],"wp:featuredmedia":[{"embeddable":true,"href":"https:\/\/dller.pl\/en\/wp-json\/wp\/v2\/media\/8562"}],"wp:attachment":[{"href":"https:\/\/dller.pl\/en\/wp-json\/wp\/v2\/media?parent=12109"}],"wp:term":[{"taxonomy":"product_cat","embeddable":true,"href":"https:\/\/dller.pl\/en\/wp-json\/wp\/v2\/product_cat?post=12109"},{"taxonomy":"product_tag","embeddable":true,"href":"https:\/\/dller.pl\/en\/wp-json\/wp\/v2\/product_tag?post=12109"}],"curies":[{"name":"wp","href":"https:\/\/api.w.org\/{rel}","templated":true}]}}