{"id":7254,"date":"2018-03-13T08:24:17","date_gmt":"2018-03-13T08:24:17","guid":{"rendered":"http:\/\/dller.fancybox.pl\/strona-glowna\/"},"modified":"2019-10-15T10:35:47","modified_gmt":"2019-10-15T08:35:47","slug":"strona-glowna","status":"publish","type":"page","link":"https:\/\/dller.pl\/en\/","title":{"rendered":"Home"},"content":{"rendered":"<div class=\"wpb-content-wrapper\"><p>[vc_row full_width=&#8221;stretch_row_content&#8221; css=&#8221;.vc_custom_1530677444002{padding-bottom: 100px !important;}&#8221; el_class=&#8221;fix-padding&#8221;][vc_column]\n\t\t\t<!-- START Slajder  EN REVOLUTION SLIDER 6.7.14 --><p class=\"rs-p-wp-fix\"><\/p>\n\t\t\t<rs-module-wrap id=\"rev_slider_28_1_wrapper\" data-source=\"gallery\" style=\"visibility:hidden;background:transparent;padding:0;margin:0px auto;margin-top:0;margin-bottom:0;\">\n\t\t\t\t<rs-module id=\"rev_slider_28_1\" style=\"\" data-version=\"6.7.14\">\n\t\t\t\t\t<rs-slides style=\"overflow: hidden; position: absolute;\">\n\t\t\t\t\t\t<rs-slide style=\"position: absolute;\" data-key=\"rs-53\" data-title=\"Slide\" data-thumb=\"\/\/dller.fancybox.pl\/wp-content\/uploads\/2019\/07\/sofy_slider.jpg\" data-anim=\"e:slidingoverlay;ms:2000;\" data-in=\"o:1;x:(100%);\">\n\t\t\t\t\t\t\t<img decoding=\"async\" src=\"\/\/dller.pl\/wp-content\/plugins\/revslider\/sr6\/assets\/assets\/dummy.png\" alt=\"\" title=\"Home\" class=\"rev-slidebg tp-rs-img rs-lazyload\" data-lazyload=\"\/\/dller.fancybox.pl\/wp-content\/uploads\/2019\/07\/sofy_slider.jpg\" data-no-retina>\n<!--\n\t\t\t\t\t\t\t--><rs-layer\n\t\t\t\t\t\t\t\tid=\"slider-28-slide-53-layer-1\" \n\t\t\t\t\t\t\t\tdata-type=\"text\"\n\t\t\t\t\t\t\t\tdata-rsp_ch=\"on\"\n\t\t\t\t\t\t\t\tdata-xy=\"x:c;xo:6px,-1px,0,0;yo:216px,160px,187px,204px;\"\n\t\t\t\t\t\t\t\tdata-text=\"w:normal;s:50,48,45,40;l:48,40,45,40;fw:800;a:center;\"\n\t\t\t\t\t\t\t\tdata-dim=\"w:646px,593px,484px,100%;h:auto,auto,81px,auto;\"\n\t\t\t\t\t\t\t\tdata-basealign=\"slide\"\n\t\t\t\t\t\t\t\tdata-padding=\"r:15,15,0,0;l:15,15,0,0;\"\n\t\t\t\t\t\t\t\tdata-border=\"bor:3px,3px,3px,3px;\"\n\t\t\t\t\t\t\t\tdata-frame_0=\"o:1;\"\n\t\t\t\t\t\t\t\tdata-frame_0_chars=\"d:5;y:50px;o:0;\"\n\t\t\t\t\t\t\t\tdata-frame_1=\"e:power4.inOut;st:500;sp:2000;sR:500;\"\n\t\t\t\t\t\t\t\tdata-frame_1_chars=\"d:5;\"\n\t\t\t\t\t\t\t\tdata-frame_999=\"o:0;e:nothing;st:w;sp:1000;sR:6300;\"\n\t\t\t\t\t\t\t\tstyle=\"z-index:5;font-family:'Nunito';\"\n\t\t\t\t\t\t\t>Sofas \n\t\t\t\t\t\t\t<\/rs-layer><!--\n\n\t\t\t\t\t\t\t--><a\n\t\t\t\t\t\t\t\tid=\"slider-28-slide-53-layer-7\" \n\t\t\t\t\t\t\t\tclass=\"rs-layer rev-btn\"\n\t\t\t\t\t\t\t\thref=\"\/sofas\/?lang=en\" target=\"_self\"\n\t\t\t\t\t\t\t\tdata-type=\"button\"\n\t\t\t\t\t\t\t\tdata-color=\"rgba(255,255,255,1)\"\n\t\t\t\t\t\t\t\tdata-xy=\"x:c;xo:2px,5px,0,0;yo:391px,323px,349px,344px;\"\n\t\t\t\t\t\t\t\tdata-text=\"s:14;l:50;fw:800;a:inherit;\"\n\t\t\t\t\t\t\t\tdata-rsp_bd=\"off\"\n\t\t\t\t\t\t\t\tdata-padding=\"r:45,45,45,30;l:45,45,45,30;\"\n\t\t\t\t\t\t\t\tdata-border=\"bor:25px,25px,25px,25px;\"\n\t\t\t\t\t\t\t\tdata-frame_1=\"sR:10;\"\n\t\t\t\t\t\t\t\tdata-frame_999=\"o:0;st:w;sR:8690;\"\n\t\t\t\t\t\t\t\tdata-frame_hover=\"bgc:#4d6171;boc:#000;bor:25px,25px,25px,25px;bos:solid;oX:50;oY:50;sp:0;e:none;\"\n\t\t\t\t\t\t\t\tstyle=\"z-index:6;background-color:#c41130;font-family:'Nunito';text-transform:uppercase;cursor:pointer;-webkit-transition:all 0.4s;-o-transition:all 0.4s;transition:all 0.4s;outline:none;box-shadow:none;box-sizing:border-box;-moz-box-sizing:border-box;-webkit-box-sizing:border-box;\"\n\t\t\t\t\t\t\t>Viev More\n \n\t\t\t\t\t\t\t<\/a><!--\n-->\t\t\t\t\t<\/rs-slide>\n\t\t\t\t\t\t<rs-slide style=\"position: absolute;\" data-key=\"rs-54\" data-title=\"Slide\" data-thumb=\"\/\/dller.fancybox.pl\/wp-content\/uploads\/2019\/07\/stoliki_slider.jpg\" data-anim=\"e:slidingoverlay;ms:2000;\" data-in=\"o:1;x:(100%);\">\n\t\t\t\t\t\t\t<img decoding=\"async\" src=\"\/\/dller.pl\/wp-content\/plugins\/revslider\/sr6\/assets\/assets\/dummy.png\" alt=\"\" title=\"Home\" class=\"rev-slidebg tp-rs-img rs-lazyload\" data-lazyload=\"\/\/dller.fancybox.pl\/wp-content\/uploads\/2019\/07\/stoliki_slider.jpg\" data-no-retina>\n<!--\n\t\t\t\t\t\t\t--><rs-layer\n\t\t\t\t\t\t\t\tid=\"slider-28-slide-54-layer-1\" \n\t\t\t\t\t\t\t\tdata-type=\"text\"\n\t\t\t\t\t\t\t\tdata-rsp_ch=\"on\"\n\t\t\t\t\t\t\t\tdata-xy=\"x:c;xo:5px,-1px,-1px,0;yo:239px,198px,181px,232px;\"\n\t\t\t\t\t\t\t\tdata-text=\"w:normal,nowrap,nowrap,nowrap;s:50,48,40,40;l:48,40,40,28;fw:800;a:center;\"\n\t\t\t\t\t\t\t\tdata-dim=\"w:646px,auto,auto,auto;\"\n\t\t\t\t\t\t\t\tdata-padding=\"r:15,15,0,0;l:15,15,0,0;\"\n\t\t\t\t\t\t\t\tdata-border=\"bor:3px,3px,3px,3px;\"\n\t\t\t\t\t\t\t\tdata-frame_0=\"o:1;\"\n\t\t\t\t\t\t\t\tdata-frame_0_chars=\"d:5;y:50px;o:0;\"\n\t\t\t\t\t\t\t\tdata-frame_1=\"e:power4.inOut;st:500;sp:2000;sR:500;\"\n\t\t\t\t\t\t\t\tdata-frame_1_chars=\"d:5;\"\n\t\t\t\t\t\t\t\tdata-frame_999=\"o:0;e:nothing;st:w;sp:1000;sR:6250;\"\n\t\t\t\t\t\t\t\tstyle=\"z-index:5;font-family:'Nunito';\"\n\t\t\t\t\t\t\t>Tables \n\t\t\t\t\t\t\t<\/rs-layer><!--\n\n\t\t\t\t\t\t\t--><a\n\t\t\t\t\t\t\t\tid=\"slider-28-slide-54-layer-7\" \n\t\t\t\t\t\t\t\tclass=\"rs-layer rev-btn\"\n\t\t\t\t\t\t\t\thref=\"\/tables\/?lang=en\" target=\"_self\"\n\t\t\t\t\t\t\t\tdata-type=\"button\"\n\t\t\t\t\t\t\t\tdata-color=\"rgba(255,255,255,1)\"\n\t\t\t\t\t\t\t\tdata-xy=\"x:c;xo:0,4px,6px,0;yo:368px,320px,295px,332px;\"\n\t\t\t\t\t\t\t\tdata-text=\"s:14;l:50;fw:800;a:inherit;\"\n\t\t\t\t\t\t\t\tdata-rsp_bd=\"off\"\n\t\t\t\t\t\t\t\tdata-padding=\"r:45,45,45,30;l:45,45,45,30;\"\n\t\t\t\t\t\t\t\tdata-border=\"bor:25px,25px,25px,25px;\"\n\t\t\t\t\t\t\t\tdata-frame_999=\"o:0;st:w;sR:8700;\"\n\t\t\t\t\t\t\t\tdata-frame_hover=\"bgc:#4d6171;boc:#000;bor:25px,25px,25px,25px;bos:solid;oX:50;oY:50;sp:0;e:none;\"\n\t\t\t\t\t\t\t\tstyle=\"z-index:6;background-color:#c41130;font-family:'Nunito';text-transform:uppercase;cursor:pointer;-webkit-transition:all 0.4s;-o-transition:all 0.4s;transition:all 0.4s;outline:none;box-shadow:none;box-sizing:border-box;-moz-box-sizing:border-box;-webkit-box-sizing:border-box;\"\n\t\t\t\t\t\t\t>Viev More \n\t\t\t\t\t\t\t<\/a><!--\n-->\t\t\t\t\t<\/rs-slide>\n\t\t\t\t\t<\/rs-slides>\n\t\t\t\t\t<rs-static-layers class=\"rs-stl-visible\"><!--\n\n\t\t\t\t\t\t\t--><rs-layer\n\t\t\t\t\t\t\t\tid=\"slider-28-slide-9-layer-9\" \n\t\t\t\t\t\t\t\tclass=\"rs-layer-static\"\n\t\t\t\t\t\t\t\tdata-type=\"image\"\n\t\t\t\t\t\t\t\tdata-rsp_ch=\"on\"\n\t\t\t\t\t\t\t\tdata-xy=\"x:c;y:b;yo:-60px;\"\n\t\t\t\t\t\t\t\tdata-text=\"l:22;a:inherit;\"\n\t\t\t\t\t\t\t\tdata-dim=\"w:[&#039;14px&#039;,&#039;14px&#039;,&#039;14px&#039;,&#039;14px&#039;];h:[&#039;25px&#039;,&#039;25px&#039;,&#039;25px&#039;,&#039;25px&#039;];\"\n\t\t\t\t\t\t\t\tdata-vbility=\"t,t,f,f\"\n\t\t\t\t\t\t\t\tdata-actions='o:click;a:scrollbelow;d:300;sp:1000;e:none;'\n\t\t\t\t\t\t\t\tdata-onslides=\"s:1;\"\n\t\t\t\t\t\t\t\tdata-frame_0=\"tp:600;\"\n\t\t\t\t\t\t\t\tdata-frame_1=\"tp:600;st:0;\"\n\t\t\t\t\t\t\t\tdata-frame_999=\"o:0;tp:600;st:w;sR:8700;\"\n\t\t\t\t\t\t\t\tdata-loop_0=\"x:-5;\"\n\t\t\t\t\t\t\t\tdata-loop_999=\"x:5;sp:6000;e:power3.in;yym:t;yys:t;yyf:t;\"\n\t\t\t\t\t\t\t\tstyle=\"z-index:11;cursor:pointer;\"\n\t\t\t\t\t\t\t><img decoding=\"async\" src=\"\/\/dller.pl\/wp-content\/plugins\/revslider\/sr6\/assets\/assets\/dummy.png\" alt=\"\" class=\"tp-rs-img rs-lazyload\" width=\"14\" height=\"25\" data-lazyload=\"\/\/dller.fancybox.pl\/wp-content\/uploads\/revslider\/ohio-home-19\/scroll-bottom3.png\" data-no-retina> \n\t\t\t\t\t\t\t<\/rs-layer><!--\n\t\t\t\t\t--><\/rs-static-layers>\n\t\t\t\t<\/rs-module>\n\t\t\t\t<script>\n\t\t\t\t\tsetREVStartSize({c: 'rev_slider_28_1',rl:[1240,1024,778,480],el:[663,600,600,600],gw:[1920,1024,778,480],gh:[663,600,600,600],type:'standard',justify:'',layout:'fullwidth',mh:\"0\"});if (window.RS_MODULES!==undefined && window.RS_MODULES.modules!==undefined && window.RS_MODULES.modules[\"revslider281\"]!==undefined) {window.RS_MODULES.modules[\"revslider281\"].once = false;window.revapi28 = undefined;if (window.RS_MODULES.checkMinimal!==undefined) window.RS_MODULES.checkMinimal()}\n\t\t\t\t<\/script>\n\t\t\t<\/rs-module-wrap>\n\t\t\t<!-- END REVOLUTION SLIDER -->\n[\/vc_column][\/vc_row][vc_row content_placement=&#8221;middle&#8221;][vc_column width=&#8221;1\/3&#8243;][vc_single_image image=&#8221;5790&#8243; onclick=&#8221;custom_link&#8221; link=&#8221;\/shop\/new-offer\/?lang=en&#8221;][vc_btn title=&#8221;View new offers&#8221; align=&#8221;center&#8221; link=&#8221;url:%2Fshop%2Fnew-offer%2F%3Flang%3Den|title:Nowo%C5%9Bci||&#8221;][vc_empty_space height=&#8221;16px&#8221;][\/vc_column][vc_column width=&#8221;1\/3&#8243;][vc_single_image image=&#8221;5791&#8243; onclick=&#8221;custom_link&#8221; link=&#8221;\/shop\/sale\/?lang=en&#8221;][vc_btn title=&#8221;View sale&#8221; align=&#8221;center&#8221; link=&#8221;url:%2Fshop%2Fsale%2F%3Flang%3Den|title:Promocje||&#8221;][vc_empty_space height=&#8221;16px&#8221;][\/vc_column][vc_column width=&#8221;1\/3&#8243;][vc_single_image image=&#8221;5788&#8243; onclick=&#8221;custom_link&#8221; link=&#8221;\/shop\/recomended\/?lang=en&#8221;][vc_btn title=&#8221;View recomended&#8221; align=&#8221;center&#8221; link=&#8221;url:%2Fshop%2Frecomended%2F%3Flang%3Den|title:Polecane||&#8221;][vc_empty_space height=&#8221;16px&#8221;][\/vc_column][\/vc_row][vc_row css=&#8221;.vc_custom_1529722502804{padding-top: 60px !important;padding-bottom: 60px !important;}&#8221;][vc_column css_animation=&#8221;fadeInUp&#8221;][vc_column_text]<\/p>\n<h1 style=\"text-align: center;\">Categories<\/h1>\n<p>[\/vc_column_text][\/vc_column][\/vc_row][vc_row][vc_column][tbay_custom_image_list_categories categoriestabs=&#8221;%5B%7B%22category%22%3A%22357%22%2C%22images%22%3A%226221%22%7D%2C%7B%22category%22%3A%22343%22%2C%22images%22%3A%226213%22%7D%2C%7B%22category%22%3A%22345%22%2C%22images%22%3A%226217%22%7D%2C%7B%22category%22%3A%22348%22%2C%22images%22%3A%226210%22%7D%2C%7B%22category%22%3A%22349%22%2C%22images%22%3A%226214%22%7D%2C%7B%22category%22%3A%22352%22%2C%22images%22%3A%226220%22%7D%2C%7B%22category%22%3A%22353%22%2C%22images%22%3A%226218%22%7D%2C%7B%22category%22%3A%22356%22%2C%22images%22%3A%226219%22%7D%2C%7B%22category%22%3A%22361%22%2C%22images%22%3A%226216%22%7D%2C%7B%22category%22%3A%22365%22%2C%22images%22%3A%226215%22%7D%2C%7B%22category%22%3A%22368%22%2C%22images%22%3A%226222%22%7D%2C%7B%22category%22%3A%22369%22%2C%22images%22%3A%226223%22%7D%5D&#8221; columns=&#8221;6&#8243; responsive_type=&#8221;yes&#8221; screen_desktop=&#8221;6&#8243; screen_desktopsmall=&#8221;6&#8243; screen_tablet=&#8221;4&#8243;][\/vc_column][\/vc_row][vc_row css=&#8221;.vc_custom_1529722536516{padding-top: 60px !important;padding-bottom: 60px !important;}&#8221;][vc_column css_animation=&#8221;fadeInUp&#8221;][vc_column_text]<\/p>\n<h1 style=\"text-align: center;\">Designers<\/h1>\n<p>[\/vc_column_text][\/vc_column][\/vc_row][vc_row][vc_column width=&#8221;1\/3&#8243;][vc_single_image image=&#8221;6796&#8243; img_size=&#8221;full&#8221; alignment=&#8221;center&#8221; onclick=&#8221;custom_link&#8221; link=&#8221;\/wayne-maxwell\/?lang=en&#8221;][vc_column_text]<\/p>\n<h2 style=\"text-align: center;\"><a href=\"\/wayne-maxwell\/?lang=en\">Wayne Maxwell<\/a><\/h2>\n<p>[\/vc_column_text][vc_empty_space][\/vc_column][vc_column width=&#8221;1\/3&#8243;][vc_single_image image=&#8221;6799&#8243; img_size=&#8221;full&#8221; alignment=&#8221;center&#8221; onclick=&#8221;custom_link&#8221; link=&#8221;\/piotr-kuchcinski\/?lang=en&#8221;][vc_column_text]<\/p>\n<h2 style=\"text-align: center;\"><a href=\"\/piotr-kuchcinski\/?lang=en\">Piotr Kuchci\u0144ski<\/a><\/h2>\n<p>[\/vc_column_text][vc_empty_space][\/vc_column][vc_column width=&#8221;1\/3&#8243;][vc_single_image image=&#8221;6295&#8243; img_size=&#8221;full&#8221; alignment=&#8221;center&#8221; onclick=&#8221;custom_link&#8221; link=&#8221;\/institiute-of-design-kielce\/?lang=en&#8221;][vc_column_text]<\/p>\n<h2 style=\"text-align: center;\"><a href=\"\/institiute-of-design-kielce\/?lang=en\">Institute Of Design Kielce<\/a><\/h2>\n<p>[\/vc_column_text][vc_empty_space][\/vc_column][\/vc_row]<\/p>\n<\/div>","protected":false},"excerpt":{"rendered":"<p>[vc_row full_width=&#8221;stretch_row_content&#8221; css=&#8221;.vc_custom_1530677444002{padding-bottom: 100px !important;}&#8221; el_class=&#8221;fix-padding&#8221;][vc_column][\/vc_column][\/vc_row][vc_row content_placement=&#8221;middle&#8221;][vc_column width=&#8221;1\/3&#8243;][vc_single_image image=&#8221;5790&#8243; onclick=&#8221;custom_link&#8221; link=&#8221;\/shop\/new-offer\/?lang=en&#8221;][vc_btn title=&#8221;View new offers&#8221; align=&#8221;center&#8221; link=&#8221;url:%2Fshop%2Fnew-offer%2F%3Flang%3Den|title:Nowo%C5%9Bci||&#8221;][vc_empty_space height=&#8221;16px&#8221;][\/vc_column][vc_column width=&#8221;1\/3&#8243;][vc_single_image image=&#8221;5791&#8243; onclick=&#8221;custom_link&#8221; link=&#8221;\/shop\/sale\/?lang=en&#8221;][vc_btn title=&#8221;View sale&#8221; align=&#8221;center&#8221; link=&#8221;url:%2Fshop%2Fsale%2F%3Flang%3Den|title:Promocje||&#8221;][vc_empty_space height=&#8221;16px&#8221;][\/vc_column][vc_column width=&#8221;1\/3&#8243;][vc_single_image image=&#8221;5788&#8243; onclick=&#8221;custom_link&#8221; link=&#8221;\/shop\/recomended\/?lang=en&#8221;][vc_btn title=&#8221;View recomended&#8221; align=&#8221;center&#8221; link=&#8221;url:%2Fshop%2Frecomended%2F%3Flang%3Den|title:Polecane||&#8221;][vc_empty_space height=&#8221;16px&#8221;][\/vc_column][\/vc_row][vc_row css=&#8221;.vc_custom_1529722502804{padding-top: 60px !important;padding-bottom: 60px !important;}&#8221;][vc_column css_animation=&#8221;fadeInUp&#8221;][vc_column_text] Categories [\/vc_column_text][\/vc_column][\/vc_row][vc_row][vc_column][tbay_custom_image_list_categories categoriestabs=&#8221;%5B%7B%22category%22%3A%22357%22%2C%22images%22%3A%226221%22%7D%2C%7B%22category%22%3A%22343%22%2C%22images%22%3A%226213%22%7D%2C%7B%22category%22%3A%22345%22%2C%22images%22%3A%226217%22%7D%2C%7B%22category%22%3A%22348%22%2C%22images%22%3A%226210%22%7D%2C%7B%22category%22%3A%22349%22%2C%22images%22%3A%226214%22%7D%2C%7B%22category%22%3A%22352%22%2C%22images%22%3A%226220%22%7D%2C%7B%22category%22%3A%22353%22%2C%22images%22%3A%226218%22%7D%2C%7B%22category%22%3A%22356%22%2C%22images%22%3A%226219%22%7D%2C%7B%22category%22%3A%22361%22%2C%22images%22%3A%226216%22%7D%2C%7B%22category%22%3A%22365%22%2C%22images%22%3A%226215%22%7D%2C%7B%22category%22%3A%22368%22%2C%22images%22%3A%226222%22%7D%2C%7B%22category%22%3A%22369%22%2C%22images%22%3A%226223%22%7D%5D&#8221; columns=&#8221;6&#8243; responsive_type=&#8221;yes&#8221; screen_desktop=&#8221;6&#8243; screen_desktopsmall=&#8221;6&#8243; screen_tablet=&#8221;4&#8243;][\/vc_column][\/vc_row][vc_row css=&#8221;.vc_custom_1529722536516{padding-top: 60px !important;padding-bottom: 60px !important;}&#8221;][vc_column css_animation=&#8221;fadeInUp&#8221;][vc_column_text] &hellip; <a href=\"https:\/\/dller.pl\/en\/\" class=\"more-link\">Continue reading <span class=\"screen-reader-text\">Home<\/span><\/a><\/p>\n","protected":false},"author":1,"featured_media":0,"parent":0,"menu_order":0,"comment_status":"closed","ping_status":"closed","template":"","meta":{"footnotes":""},"class_list":["post-7254","page","type-page","status-publish","hentry"],"yoast_head":"<!-- This site is optimized with the Yoast SEO plugin v23.1 - https:\/\/yoast.com\/wordpress\/plugins\/seo\/ -->\n<title>Dller - Salon mebli designerskich<\/title>\n<meta name=\"description\" content=\"Salon mebli designerskich Dller: nowoczesno\u015b\u0107 inspirowana tradycj\u0105. Oferujemy wyposa\u017cenie d\u0119bowe do domu, biura i gabinetu - biurka, rega\u0142y, czy komody.\" \/>\n<meta name=\"robots\" content=\"index, follow, max-snippet:-1, max-image-preview:large, max-video-preview:-1\" \/>\n<link rel=\"canonical\" href=\"https:\/\/dller.pl\/en\/\" \/>\n<meta property=\"og:locale\" content=\"en_US\" \/>\n<meta property=\"og:type\" content=\"article\" \/>\n<meta property=\"og:title\" content=\"Dller - Salon mebli designerskich\" \/>\n<meta property=\"og:description\" content=\"Salon mebli designerskich Dller: nowoczesno\u015b\u0107 inspirowana tradycj\u0105. Oferujemy wyposa\u017cenie d\u0119bowe do domu, biura i gabinetu - biurka, rega\u0142y, czy komody.\" \/>\n<meta property=\"og:url\" content=\"https:\/\/dller.pl\/en\/\" \/>\n<meta property=\"og:site_name\" content=\"Dller\" \/>\n<meta property=\"article:modified_time\" content=\"2019-10-15T08:35:47+00:00\" \/>\n<meta name=\"twitter:card\" content=\"summary_large_image\" \/>\n<meta name=\"twitter:label1\" content=\"Est. reading time\" \/>\n\t<meta name=\"twitter:data1\" content=\"2 minutes\" \/>\n<script type=\"application\/ld+json\" class=\"yoast-schema-graph\">{\"@context\":\"https:\/\/schema.org\",\"@graph\":[{\"@type\":\"WebPage\",\"@id\":\"https:\/\/dller.pl\/en\/\",\"url\":\"https:\/\/dller.pl\/en\/\",\"name\":\"Dller - Salon mebli designerskich\",\"isPartOf\":{\"@id\":\"https:\/\/dller.pl\/#website\"},\"datePublished\":\"2018-03-13T08:24:17+00:00\",\"dateModified\":\"2019-10-15T08:35:47+00:00\",\"description\":\"Salon mebli designerskich Dller: nowoczesno\u015b\u0107 inspirowana tradycj\u0105. Oferujemy wyposa\u017cenie d\u0119bowe do domu, biura i gabinetu - biurka, rega\u0142y, czy komody.\",\"breadcrumb\":{\"@id\":\"https:\/\/dller.pl\/en\/#breadcrumb\"},\"inLanguage\":\"en-US\",\"potentialAction\":[{\"@type\":\"ReadAction\",\"target\":[\"https:\/\/dller.pl\/en\/\"]}]},{\"@type\":\"BreadcrumbList\",\"@id\":\"https:\/\/dller.pl\/en\/#breadcrumb\",\"itemListElement\":[{\"@type\":\"ListItem\",\"position\":1,\"name\":\"Strona g\u0142\u00f3wna\",\"item\":\"https:\/\/dller.pl\/en\/\"},{\"@type\":\"ListItem\",\"position\":2,\"name\":\"Home\"}]},{\"@type\":\"WebSite\",\"@id\":\"https:\/\/dller.pl\/#website\",\"url\":\"https:\/\/dller.pl\/\",\"name\":\"Dller\",\"description\":\"Meble d\u0119bowe designerskie Warszawa sklep internetowy: do salonu, sypialni, jadalni\",\"potentialAction\":[{\"@type\":\"SearchAction\",\"target\":{\"@type\":\"EntryPoint\",\"urlTemplate\":\"https:\/\/dller.pl\/?s={search_term_string}\"},\"query-input\":\"required name=search_term_string\"}],\"inLanguage\":\"en-US\"}]}<\/script>\n<!-- \/ Yoast SEO plugin. -->","yoast_head_json":{"title":"Dller - Salon mebli designerskich","description":"Salon mebli designerskich Dller: nowoczesno\u015b\u0107 inspirowana tradycj\u0105. Oferujemy wyposa\u017cenie d\u0119bowe do domu, biura i gabinetu - biurka, rega\u0142y, czy komody.","robots":{"index":"index","follow":"follow","max-snippet":"max-snippet:-1","max-image-preview":"max-image-preview:large","max-video-preview":"max-video-preview:-1"},"canonical":"https:\/\/dller.pl\/en\/","og_locale":"en_US","og_type":"article","og_title":"Dller - Salon mebli designerskich","og_description":"Salon mebli designerskich Dller: nowoczesno\u015b\u0107 inspirowana tradycj\u0105. Oferujemy wyposa\u017cenie d\u0119bowe do domu, biura i gabinetu - biurka, rega\u0142y, czy komody.","og_url":"https:\/\/dller.pl\/en\/","og_site_name":"Dller","article_modified_time":"2019-10-15T08:35:47+00:00","twitter_card":"summary_large_image","twitter_misc":{"Est. reading time":"2 minutes"},"schema":{"@context":"https:\/\/schema.org","@graph":[{"@type":"WebPage","@id":"https:\/\/dller.pl\/en\/","url":"https:\/\/dller.pl\/en\/","name":"Dller - Salon mebli designerskich","isPartOf":{"@id":"https:\/\/dller.pl\/#website"},"datePublished":"2018-03-13T08:24:17+00:00","dateModified":"2019-10-15T08:35:47+00:00","description":"Salon mebli designerskich Dller: nowoczesno\u015b\u0107 inspirowana tradycj\u0105. Oferujemy wyposa\u017cenie d\u0119bowe do domu, biura i gabinetu - biurka, rega\u0142y, czy komody.","breadcrumb":{"@id":"https:\/\/dller.pl\/en\/#breadcrumb"},"inLanguage":"en-US","potentialAction":[{"@type":"ReadAction","target":["https:\/\/dller.pl\/en\/"]}]},{"@type":"BreadcrumbList","@id":"https:\/\/dller.pl\/en\/#breadcrumb","itemListElement":[{"@type":"ListItem","position":1,"name":"Strona g\u0142\u00f3wna","item":"https:\/\/dller.pl\/en\/"},{"@type":"ListItem","position":2,"name":"Home"}]},{"@type":"WebSite","@id":"https:\/\/dller.pl\/#website","url":"https:\/\/dller.pl\/","name":"Dller","description":"Meble d\u0119bowe designerskie Warszawa sklep internetowy: do salonu, sypialni, jadalni","potentialAction":[{"@type":"SearchAction","target":{"@type":"EntryPoint","urlTemplate":"https:\/\/dller.pl\/?s={search_term_string}"},"query-input":"required name=search_term_string"}],"inLanguage":"en-US"}]}},"_links":{"self":[{"href":"https:\/\/dller.pl\/en\/wp-json\/wp\/v2\/pages\/7254"}],"collection":[{"href":"https:\/\/dller.pl\/en\/wp-json\/wp\/v2\/pages"}],"about":[{"href":"https:\/\/dller.pl\/en\/wp-json\/wp\/v2\/types\/page"}],"author":[{"embeddable":true,"href":"https:\/\/dller.pl\/en\/wp-json\/wp\/v2\/users\/1"}],"replies":[{"embeddable":true,"href":"https:\/\/dller.pl\/en\/wp-json\/wp\/v2\/comments?post=7254"}],"version-history":[{"count":11,"href":"https:\/\/dller.pl\/en\/wp-json\/wp\/v2\/pages\/7254\/revisions"}],"predecessor-version":[{"id":13502,"href":"https:\/\/dller.pl\/en\/wp-json\/wp\/v2\/pages\/7254\/revisions\/13502"}],"wp:attachment":[{"href":"https:\/\/dller.pl\/en\/wp-json\/wp\/v2\/media?parent=7254"}],"curies":[{"name":"wp","href":"https:\/\/api.w.org\/{rel}","templated":true}]}}