{"id":6335,"date":"2019-07-12T13:41:56","date_gmt":"2019-07-12T11:41:56","guid":{"rendered":"http:\/\/dller.fancybox.pl\/kontakt\/"},"modified":"2019-08-01T09:37:04","modified_gmt":"2019-08-01T07:37:04","slug":"contact","status":"publish","type":"page","link":"https:\/\/dller.pl\/en\/contact\/","title":{"rendered":"Contact"},"content":{"rendered":"<div class=\"wpb-content-wrapper\"><p>[vc_row][vc_column width=&#8221;1\/3&#8243;][vc_column_text]<\/p>\n<h2><b>Dller<br \/>\n<\/b><\/h2>\n<p>ul. Lotnicza 90<\/p>\n<p>26-001 Mas\u0142\u00f3w Pierwszy<\/p>\n<p>woj. \u015bwi\u0119tokrzyskie<\/p>\n<p>tel\/fax: \u00a0+48 (041) 311-05-00<\/p>\n<p><a href=\"mailto:alicja@dller.com\">alicja@dller.com<\/a><\/p>\n<p>&nbsp;<\/p>\n<p>Wsp\u00f3\u0142rz\u0119dne geograficzne:<\/p>\n<p><a title=\"Dller Meble\" href=\"https:\/\/www.google.pl\/maps\/place\/DLLER\/@50.8926469,20.7503605,16z\/data=!4m13!1m7!3m6!1s0x4718213305ddd4ad:0x21fd267cdb427e33!2sLotnicza+90,+26-001+Mas%C5%82%C3%B3w+Pierwszy!3b1!8m2!3d50.892879!4d20.7504129!3m4!1s0x471826c178cb0fb7:0x92df85e26f1cc533!8m2!3d50.8928768!4d20.7497111?hl=pl\" target=\"_blank\" rel=\"noopener noreferrer\">50\u00b053&#8217;34.6&#8243;N 20\u00b045&#8217;01.4&#8243;E<\/a><\/p>\n<p>&nbsp;<\/p>\n<p>Dller Tomasz Wo\u017aniak<\/p>\n<p>NIP: 657-123-28-18<\/p>\n<p>REGON: 290724760<\/p>\n<p>Nr konta:<\/p>\n<p>Raiffeisen Bank Polska S.A.<\/p>\n<p>48 1750 1110 0000 0000 0826 4627<\/p>\n<p>&nbsp;<\/p>\n<p>Adres do sk\u0142adania reklamacji &#8211; adres siedziby Dller<\/p>\n<p><a href=\"mailto:kontakt@dller.com\">kontakt@dller.com<\/a><\/p>\n<p>&nbsp;<\/p>\n<p><b>SALON MEBLI DLLER (przy siedzibie firmy)<\/b><strong>Godziny otwarcia:<\/strong><\/p>\n<p>pon.-pt 08:00 &#8211; 16:00<\/p>\n<p>sobota 10:00 &#8211; 13:00[\/vc_column_text][\/vc_column][vc_column width=&#8221;2\/3&#8243;][vc_column_text]<\/p>\n<h1>Contact Us<\/h1>\n<h2><\/h2>\n<p>[\/vc_column_text]\n<div class=\"wpcf7 no-js\" id=\"wpcf7-f6453-o1\" lang=\"en-US\" dir=\"ltr\">\n<div class=\"screen-reader-response\"><p role=\"status\" aria-live=\"polite\" aria-atomic=\"true\"><\/p> <ul><\/ul><\/div>\n<form action=\"\/en\/wp-json\/wp\/v2\/pages\/6335#wpcf7-f6453-o1\" method=\"post\" class=\"wpcf7-form init\" aria-label=\"Contact form\" novalidate=\"novalidate\" data-status=\"init\">\n<div style=\"display: none;\">\n<input type=\"hidden\" name=\"_wpcf7\" value=\"6453\" \/>\n<input type=\"hidden\" name=\"_wpcf7_version\" value=\"5.9.8\" \/>\n<input type=\"hidden\" name=\"_wpcf7_locale\" value=\"en_US\" \/>\n<input type=\"hidden\" name=\"_wpcf7_unit_tag\" value=\"wpcf7-f6453-o1\" \/>\n<input type=\"hidden\" name=\"_wpcf7_container_post\" value=\"0\" \/>\n<input type=\"hidden\" name=\"_wpcf7_posted_data_hash\" value=\"\" \/>\n<input type=\"hidden\" name=\"_wpcf7_recaptcha_response\" value=\"\" \/>\n<\/div>\n<div class=\"form-horizontal\">\n\t<div class=\"form-group\">\n\t\t<div class=\"col-sm-2\">\n\t\t\t<p><label for=\"name\">Name<span class=\"required\">*<\/span><\/label>\n\t\t\t<\/p>\n\t\t<\/div>\n\t\t<div class=\"col-sm-10\">\n\t\t\t<p><span class=\"wpcf7-form-control-wrap\" data-name=\"text-799\"><input size=\"40\" maxlength=\"400\" class=\"wpcf7-form-control wpcf7-text wpcf7-validates-as-required required form-control\" id=\"your_name\" aria-required=\"true\" aria-invalid=\"false\" value=\"\" type=\"text\" name=\"text-799\" \/><\/span>\n\t\t\t<\/p>\n\t\t<\/div>\n\t<\/div>\n\t<div class=\"form-group\">\n\t\t<div class=\"col-sm-2\">\n\t\t\t<p><label class=\"control-label\" for=\"email\">Email<span class=\"required\">*<\/span><\/label>\n\t\t\t<\/p>\n\t\t<\/div>\n\t\t<div class=\"col-sm-10\">\n\t\t\t<p><span class=\"wpcf7-form-control-wrap\" data-name=\"email-257\"><input size=\"40\" maxlength=\"400\" class=\"wpcf7-form-control wpcf7-email wpcf7-validates-as-required wpcf7-text wpcf7-validates-as-email required\" id=\"your_email\" aria-required=\"true\" aria-invalid=\"false\" value=\"\" type=\"email\" name=\"email-257\" \/><\/span>\n\t\t\t<\/p>\n\t\t<\/div>\n\t<\/div>\n\t<div class=\"form-group\">\n\t\t<div class=\"col-sm-2\">\n\t\t\t<p><label class=\"control-label\" for=\"message\">Message<\/label>\n\t\t\t<\/p>\n\t\t<\/div>\n\t\t<div class=\"col-sm-10\">\n\t\t\t<p><span class=\"wpcf7-form-control-wrap\" data-name=\"textarea-552\"><textarea cols=\"40\" rows=\"10\" maxlength=\"2000\" class=\"wpcf7-form-control wpcf7-textarea required\" id=\"your_message\" aria-invalid=\"false\" name=\"textarea-552\"><\/textarea><\/span>\n\t\t\t<\/p>\n\t\t<\/div>\n\t<\/div>\n\t<div class=\"form-group form-group-submit\">\n\t\t<div class=\"col-sm-2\">\n\t\t\t<p><label class=\"control-label\" for=\"your_message\"><\/label>\n\t\t\t<\/p>\n\t\t<\/div>\n\t\t<div class=\"col-sm-10\">\n\t\t\t<p><input class=\"wpcf7-form-control wpcf7-submit has-spinner btn btn-default\" type=\"submit\" value=\"Submit\" \/>\n\t\t\t<\/p>\n\t\t<\/div>\n\t<\/div>\n<\/div><input type='hidden' class='wpcf7-pum' value='{\"closepopup\":false,\"closedelay\":0,\"openpopup\":false,\"openpopup_id\":0}' \/><div class=\"wpcf7-response-output\" aria-hidden=\"true\"><\/div>\n<\/form>\n<\/div>\n[vc_separator color=&#8221;white&#8221; border_width=&#8221;3&#8243;][vc_gmaps link=&#8221;#E-8_JTNDaWZyYW1lJTIwc3JjJTNEJTIyaHR0cHMlM0ElMkYlMkZ3d3cuZ29vZ2xlLmNvbSUyRm1hcHMlMkZlbWJlZCUzRnBiJTNEJTIxMW0xOCUyMTFtMTIlMjExbTMlMjExZDI1MTYuNjYyOTc2OTkwMzklMjEyZDIwLjc0ODIwMDIxNTg4OTU1JTIxM2Q1MC44OTI5NDc3NjMyNjI0MyUyMTJtMyUyMTFmMCUyMTJmMCUyMTNmMCUyMTNtMiUyMTFpMTAyNCUyMTJpNzY4JTIxNGYxMy4xJTIxM20zJTIxMW0yJTIxMXMweDAlMjUzQTB4MCUyMTJ6TlREQ3NEVXpKek0wTGpZaVRpQXlNTUt3TkRVbk1ERXVOQ0pGJTIxNWUwJTIxM20yJTIxMXNwbCUyMTJzcGwlMjE0djE1NjMxNzQ1MjAzMTElMjE1bTIlMjExc3BsJTIxMnNwbCUyMiUyMHdpZHRoJTNEJTIyOTAwJTIyJTIwaGVpZ2h0JTNEJTIyNDUwJTIyJTIwZnJhbWVib3JkZXIlM0QlMjIwJTIyJTIwc3R5bGUlM0QlMjJib3JkZXIlM0EwJTIyJTIwYWxsb3dmdWxsc2NyZWVuJTNFJTNDJTJGaWZyYW1lJTNF&#8221;][\/vc_column][\/vc_row]<\/p>\n<\/div>","protected":false},"excerpt":{"rendered":"<p>[vc_row][vc_column width=&#8221;1\/3&#8243;][vc_column_text] Dller ul. Lotnicza 90 26-001 Mas\u0142\u00f3w Pierwszy woj. \u015bwi\u0119tokrzyskie tel\/fax: \u00a0+48 (041) 311-05-00 alicja@dller.com &nbsp; Wsp\u00f3\u0142rz\u0119dne geograficzne: 50\u00b053&#8217;34.6&#8243;N 20\u00b045&#8217;01.4&#8243;E &nbsp; Dller Tomasz Wo\u017aniak NIP: 657-123-28-18 REGON: 290724760 Nr konta: Raiffeisen Bank Polska S.A. 48 1750 1110 0000 0000 0826 4627 &nbsp; Adres do sk\u0142adania reklamacji &#8211; adres siedziby Dller kontakt@dller.com &nbsp; SALON MEBLI &hellip; <a href=\"https:\/\/dller.pl\/en\/contact\/\" class=\"more-link\">Continue reading <span class=\"screen-reader-text\">Contact<\/span><\/a><\/p>\n","protected":false},"author":1,"featured_media":0,"parent":0,"menu_order":0,"comment_status":"closed","ping_status":"closed","template":"","meta":{"footnotes":""},"class_list":["post-6335","page","type-page","status-publish","hentry"],"yoast_head":"<!-- This site is optimized with the Yoast SEO plugin v23.1 - https:\/\/yoast.com\/wordpress\/plugins\/seo\/ -->\n<title>Contact - Dller<\/title>\n<meta name=\"robots\" content=\"index, follow, max-snippet:-1, max-image-preview:large, max-video-preview:-1\" \/>\n<link rel=\"canonical\" href=\"https:\/\/dller.pl\/kontakt\/\" \/>\n<meta property=\"og:locale\" content=\"en_US\" \/>\n<meta property=\"og:type\" content=\"article\" \/>\n<meta property=\"og:title\" content=\"Contact - Dller\" \/>\n<meta property=\"og:description\" content=\"[vc_row][vc_column width=&#8221;1\/3&#8243;][vc_column_text] Dller ul. Lotnicza 90 26-001 Mas\u0142\u00f3w Pierwszy woj. \u015bwi\u0119tokrzyskie tel\/fax: \u00a0+48 (041) 311-05-00 alicja@dller.com &nbsp; Wsp\u00f3\u0142rz\u0119dne geograficzne: 50\u00b053&#8217;34.6&#8243;N 20\u00b045&#8217;01.4&#8243;E &nbsp; Dller Tomasz Wo\u017aniak NIP: 657-123-28-18 REGON: 290724760 Nr konta: Raiffeisen Bank Polska S.A. 48 1750 1110 0000 0000 0826 4627 &nbsp; Adres do sk\u0142adania reklamacji &#8211; adres siedziby Dller kontakt@dller.com &nbsp; SALON MEBLI &hellip; Continue reading Contact\" \/>\n<meta property=\"og:url\" content=\"https:\/\/dller.pl\/kontakt\/\" \/>\n<meta property=\"og:site_name\" content=\"Dller\" \/>\n<meta property=\"article:modified_time\" content=\"2019-08-01T07:37:04+00:00\" \/>\n<meta name=\"twitter:card\" content=\"summary_large_image\" \/>\n<meta name=\"twitter:label1\" content=\"Est. reading time\" \/>\n\t<meta name=\"twitter:data1\" content=\"1 minute\" \/>\n<script type=\"application\/ld+json\" class=\"yoast-schema-graph\">{\"@context\":\"https:\/\/schema.org\",\"@graph\":[{\"@type\":\"WebPage\",\"@id\":\"https:\/\/dller.pl\/kontakt\/\",\"url\":\"https:\/\/dller.pl\/kontakt\/\",\"name\":\"Contact - Dller\",\"isPartOf\":{\"@id\":\"https:\/\/dller.pl\/#website\"},\"datePublished\":\"2019-07-12T11:41:56+00:00\",\"dateModified\":\"2019-08-01T07:37:04+00:00\",\"breadcrumb\":{\"@id\":\"https:\/\/dller.pl\/kontakt\/#breadcrumb\"},\"inLanguage\":\"en-US\",\"potentialAction\":[{\"@type\":\"ReadAction\",\"target\":[\"https:\/\/dller.pl\/kontakt\/\"]}]},{\"@type\":\"BreadcrumbList\",\"@id\":\"https:\/\/dller.pl\/kontakt\/#breadcrumb\",\"itemListElement\":[{\"@type\":\"ListItem\",\"position\":1,\"name\":\"Strona g\u0142\u00f3wna\",\"item\":\"https:\/\/dller.pl\/en\/\"},{\"@type\":\"ListItem\",\"position\":2,\"name\":\"Contact\"}]},{\"@type\":\"WebSite\",\"@id\":\"https:\/\/dller.pl\/#website\",\"url\":\"https:\/\/dller.pl\/\",\"name\":\"Dller\",\"description\":\"Meble d\u0119bowe designerskie Warszawa sklep internetowy: do salonu, sypialni, jadalni\",\"potentialAction\":[{\"@type\":\"SearchAction\",\"target\":{\"@type\":\"EntryPoint\",\"urlTemplate\":\"https:\/\/dller.pl\/?s={search_term_string}\"},\"query-input\":\"required name=search_term_string\"}],\"inLanguage\":\"en-US\"}]}<\/script>\n<!-- \/ Yoast SEO plugin. -->","yoast_head_json":{"title":"Contact - Dller","robots":{"index":"index","follow":"follow","max-snippet":"max-snippet:-1","max-image-preview":"max-image-preview:large","max-video-preview":"max-video-preview:-1"},"canonical":"https:\/\/dller.pl\/kontakt\/","og_locale":"en_US","og_type":"article","og_title":"Contact - Dller","og_description":"[vc_row][vc_column width=&#8221;1\/3&#8243;][vc_column_text] Dller ul. Lotnicza 90 26-001 Mas\u0142\u00f3w Pierwszy woj. \u015bwi\u0119tokrzyskie tel\/fax: \u00a0+48 (041) 311-05-00 alicja@dller.com &nbsp; Wsp\u00f3\u0142rz\u0119dne geograficzne: 50\u00b053&#8217;34.6&#8243;N 20\u00b045&#8217;01.4&#8243;E &nbsp; Dller Tomasz Wo\u017aniak NIP: 657-123-28-18 REGON: 290724760 Nr konta: Raiffeisen Bank Polska S.A. 48 1750 1110 0000 0000 0826 4627 &nbsp; Adres do sk\u0142adania reklamacji &#8211; adres siedziby Dller kontakt@dller.com &nbsp; SALON MEBLI &hellip; Continue reading Contact","og_url":"https:\/\/dller.pl\/kontakt\/","og_site_name":"Dller","article_modified_time":"2019-08-01T07:37:04+00:00","twitter_card":"summary_large_image","twitter_misc":{"Est. reading time":"1 minute"},"schema":{"@context":"https:\/\/schema.org","@graph":[{"@type":"WebPage","@id":"https:\/\/dller.pl\/kontakt\/","url":"https:\/\/dller.pl\/kontakt\/","name":"Contact - Dller","isPartOf":{"@id":"https:\/\/dller.pl\/#website"},"datePublished":"2019-07-12T11:41:56+00:00","dateModified":"2019-08-01T07:37:04+00:00","breadcrumb":{"@id":"https:\/\/dller.pl\/kontakt\/#breadcrumb"},"inLanguage":"en-US","potentialAction":[{"@type":"ReadAction","target":["https:\/\/dller.pl\/kontakt\/"]}]},{"@type":"BreadcrumbList","@id":"https:\/\/dller.pl\/kontakt\/#breadcrumb","itemListElement":[{"@type":"ListItem","position":1,"name":"Strona g\u0142\u00f3wna","item":"https:\/\/dller.pl\/en\/"},{"@type":"ListItem","position":2,"name":"Contact"}]},{"@type":"WebSite","@id":"https:\/\/dller.pl\/#website","url":"https:\/\/dller.pl\/","name":"Dller","description":"Meble d\u0119bowe designerskie Warszawa sklep internetowy: do salonu, sypialni, jadalni","potentialAction":[{"@type":"SearchAction","target":{"@type":"EntryPoint","urlTemplate":"https:\/\/dller.pl\/?s={search_term_string}"},"query-input":"required name=search_term_string"}],"inLanguage":"en-US"}]}},"_links":{"self":[{"href":"https:\/\/dller.pl\/en\/wp-json\/wp\/v2\/pages\/6335"}],"collection":[{"href":"https:\/\/dller.pl\/en\/wp-json\/wp\/v2\/pages"}],"about":[{"href":"https:\/\/dller.pl\/en\/wp-json\/wp\/v2\/types\/page"}],"author":[{"embeddable":true,"href":"https:\/\/dller.pl\/en\/wp-json\/wp\/v2\/users\/1"}],"replies":[{"embeddable":true,"href":"https:\/\/dller.pl\/en\/wp-json\/wp\/v2\/comments?post=6335"}],"version-history":[{"count":8,"href":"https:\/\/dller.pl\/en\/wp-json\/wp\/v2\/pages\/6335\/revisions"}],"predecessor-version":[{"id":7322,"href":"https:\/\/dller.pl\/en\/wp-json\/wp\/v2\/pages\/6335\/revisions\/7322"}],"wp:attachment":[{"href":"https:\/\/dller.pl\/en\/wp-json\/wp\/v2\/media?parent=6335"}],"curies":[{"name":"wp","href":"https:\/\/api.w.org\/{rel}","templated":true}]}}