{"id":12700,"date":"2019-09-11T14:00:30","date_gmt":"2019-09-11T12:00:30","guid":{"rendered":"http:\/\/dller.fancybox.pl\/import-placeholder-for-758\/"},"modified":"2026-02-11T14:48:27","modified_gmt":"2026-02-11T13:48:27","slug":"stol-endu","status":"publish","type":"product","link":"https:\/\/dller.pl\/de\/produkt\/stol-endu\/","title":{"rendered":"ST\u00d3\u0141 ENDU"},"content":{"rendered":"<p>Zosta\u0142 wyr\u00f3\u017cniony\u00a0w plebi\u015bcycie <strong>must have\u00a0<\/strong>i wzi\u0105\u0142 udzia\u0142 w mi\u0119dzynarodowej wystawie \u0141\u00f3d\u017a Design Festival.<\/p>\n<p>Dobry projekt cz\u0119sto kryje w sobie element zaskoczenia. Patrz\u0105c na st\u00f3\u0142 Endu mo\u017cna odnie\u015b\u0107 wra\u017cenie, \u017ce jego blat jest wyj\u0105tkowo cienki. Nic bardziej mylnego &#8211; z\u0142udna grubo\u015b\u0107 kilku milimetr\u00f3w to efekt przemy\u015blanej sztuczki optycznej i popis niezwykle ciekawej obr\u00f3bki masywnego, d\u0119bowego blatu. Dodatkowym atutem podkre\u015blaj\u0105cym wyrazisty charakter Endu, s\u0105 \u00a0ob\u0142e, lekko rozkloszowane nogi &#8211; z wdzi\u0119kiem przywo\u0142uj\u0105ce styl vintage. Ca\u0142o\u015b\u0107 uj\u0119ta w idealnych proporcjach zachwyca lekko\u015bci\u0105.<br \/>\nProjekt: Piotr Kuchci\u0144ski<\/p>\n<p>&nbsp;<\/p>\n<p>&nbsp;<\/p>\n","protected":false},"excerpt":{"rendered":"<p>Zosta\u0142 wyr\u00f3\u017cniony\u00a0w plebi\u015bcycie must have\u00a0i wzi\u0105\u0142 udzia\u0142 w mi\u0119dzynarodowej wystawie \u0141\u00f3d\u017a Design Festival. Dobry projekt cz\u0119sto kryje w sobie element zaskoczenia. Patrz\u0105c na st\u00f3\u0142 Endu mo\u017cna odnie\u015b\u0107 wra\u017cenie, \u017ce jego blat jest wyj\u0105tkowo cienki. Nic bardziej mylnego &#8211; z\u0142udna grubo\u015b\u0107 kilku milimetr\u00f3w to efekt przemy\u015blanej sztuczki optycznej i popis niezwykle ciekawej obr\u00f3bki masywnego, d\u0119bowego blatu. &hellip; <a href=\"https:\/\/dller.pl\/de\/produkt\/stol-endu\/\" class=\"more-link\">Continue reading <span class=\"screen-reader-text\">ST\u00d3\u0141 ENDU<\/span><\/a><\/p>\n","protected":false},"featured_media":13040,"template":"","meta":[],"product_cat":[109],"product_tag":[],"class_list":{"0":"post-12700","1":"product","2":"type-product","3":"status-publish","4":"has-post-thumbnail","6":"product_cat-stoly-z-litego-drewna","7":"product_shipping_class-duze-gabaryty","10":"instock","11":"taxable","12":"shipping-taxable","13":"purchasable","14":"product-type-simple"},"yoast_head":"<!-- This site is optimized with the Yoast SEO plugin v23.1 - https:\/\/yoast.com\/wordpress\/plugins\/seo\/ -->\n<title>ST\u00d3\u0141 ENDU - Dller<\/title>\n<meta name=\"robots\" content=\"index, follow, max-snippet:-1, max-image-preview:large, max-video-preview:-1\" \/>\n<link rel=\"canonical\" href=\"https:\/\/dller.pl\/produkt\/stol-endu\/\" \/>\n<meta property=\"og:locale\" content=\"de_DE\" \/>\n<meta property=\"og:type\" content=\"article\" \/>\n<meta property=\"og:title\" content=\"ST\u00d3\u0141 ENDU - Dller\" \/>\n<meta property=\"og:description\" content=\"Zosta\u0142 wyr\u00f3\u017cniony\u00a0w plebi\u015bcycie must have\u00a0i wzi\u0105\u0142 udzia\u0142 w mi\u0119dzynarodowej wystawie \u0141\u00f3d\u017a Design Festival. Dobry projekt cz\u0119sto kryje w sobie element zaskoczenia. Patrz\u0105c na st\u00f3\u0142 Endu mo\u017cna odnie\u015b\u0107 wra\u017cenie, \u017ce jego blat jest wyj\u0105tkowo cienki. Nic bardziej mylnego &#8211; z\u0142udna grubo\u015b\u0107 kilku milimetr\u00f3w to efekt przemy\u015blanej sztuczki optycznej i popis niezwykle ciekawej obr\u00f3bki masywnego, d\u0119bowego blatu. &hellip; Continue reading ST\u00d3\u0141 ENDU\" \/>\n<meta property=\"og:url\" content=\"https:\/\/dller.pl\/produkt\/stol-endu\/\" \/>\n<meta property=\"og:site_name\" content=\"Dller\" \/>\n<meta property=\"article:modified_time\" content=\"2026-02-11T13:48:27+00:00\" \/>\n<meta property=\"og:image\" content=\"https:\/\/dller.pl\/wp-content\/uploads\/2019\/08\/img_d758i4468o_Endu_1_6386_1920_1080-1.jpg\" \/>\n\t<meta property=\"og:image:width\" content=\"1920\" \/>\n\t<meta property=\"og:image:height\" content=\"1080\" \/>\n\t<meta property=\"og:image:type\" content=\"image\/jpeg\" \/>\n<meta name=\"twitter:card\" content=\"summary_large_image\" \/>\n<meta name=\"twitter:label1\" content=\"Gesch\u00e4tzte Lesezeit\" \/>\n\t<meta name=\"twitter:data1\" content=\"1\u00a0Minute\" \/>\n<script type=\"application\/ld+json\" class=\"yoast-schema-graph\">{\"@context\":\"https:\/\/schema.org\",\"@graph\":[{\"@type\":\"WebPage\",\"@id\":\"https:\/\/dller.pl\/produkt\/stol-endu\/\",\"url\":\"https:\/\/dller.pl\/produkt\/stol-endu\/\",\"name\":\"ST\u00d3\u0141 ENDU - Dller\",\"isPartOf\":{\"@id\":\"https:\/\/dller.pl\/#website\"},\"primaryImageOfPage\":{\"@id\":\"https:\/\/dller.pl\/produkt\/stol-endu\/#primaryimage\"},\"image\":{\"@id\":\"https:\/\/dller.pl\/produkt\/stol-endu\/#primaryimage\"},\"thumbnailUrl\":\"https:\/\/dller.pl\/wp-content\/uploads\/2019\/08\/img_d758i4468o_Endu_1_6386_1920_1080-1.jpg\",\"datePublished\":\"2019-09-11T12:00:30+00:00\",\"dateModified\":\"2026-02-11T13:48:27+00:00\",\"breadcrumb\":{\"@id\":\"https:\/\/dller.pl\/produkt\/stol-endu\/#breadcrumb\"},\"inLanguage\":\"de\",\"potentialAction\":[{\"@type\":\"ReadAction\",\"target\":[\"https:\/\/dller.pl\/produkt\/stol-endu\/\"]}]},{\"@type\":\"ImageObject\",\"inLanguage\":\"de\",\"@id\":\"https:\/\/dller.pl\/produkt\/stol-endu\/#primaryimage\",\"url\":\"https:\/\/dller.pl\/wp-content\/uploads\/2019\/08\/img_d758i4468o_Endu_1_6386_1920_1080-1.jpg\",\"contentUrl\":\"https:\/\/dller.pl\/wp-content\/uploads\/2019\/08\/img_d758i4468o_Endu_1_6386_1920_1080-1.jpg\",\"width\":1920,\"height\":1080},{\"@type\":\"BreadcrumbList\",\"@id\":\"https:\/\/dller.pl\/produkt\/stol-endu\/#breadcrumb\",\"itemListElement\":[{\"@type\":\"ListItem\",\"position\":1,\"name\":\"Strona g\u0142\u00f3wna\",\"item\":\"https:\/\/dller.pl\/de\/\"},{\"@type\":\"ListItem\",\"position\":2,\"name\":\"Shop\",\"item\":\"https:\/\/dller.pl\/de\/shop\/\"},{\"@type\":\"ListItem\",\"position\":3,\"name\":\"ST\u00d3\u0141 ENDU\"}]},{\"@type\":\"WebSite\",\"@id\":\"https:\/\/dller.pl\/#website\",\"url\":\"https:\/\/dller.pl\/\",\"name\":\"Dller\",\"description\":\"Meble d\u0119bowe designerskie Warszawa sklep internetowy: do salonu, sypialni, jadalni\",\"potentialAction\":[{\"@type\":\"SearchAction\",\"target\":{\"@type\":\"EntryPoint\",\"urlTemplate\":\"https:\/\/dller.pl\/?s={search_term_string}\"},\"query-input\":\"required name=search_term_string\"}],\"inLanguage\":\"de\"}]}<\/script>\n<!-- \/ Yoast SEO plugin. -->","yoast_head_json":{"title":"ST\u00d3\u0141 ENDU - Dller","robots":{"index":"index","follow":"follow","max-snippet":"max-snippet:-1","max-image-preview":"max-image-preview:large","max-video-preview":"max-video-preview:-1"},"canonical":"https:\/\/dller.pl\/produkt\/stol-endu\/","og_locale":"de_DE","og_type":"article","og_title":"ST\u00d3\u0141 ENDU - Dller","og_description":"Zosta\u0142 wyr\u00f3\u017cniony\u00a0w plebi\u015bcycie must have\u00a0i wzi\u0105\u0142 udzia\u0142 w mi\u0119dzynarodowej wystawie \u0141\u00f3d\u017a Design Festival. Dobry projekt cz\u0119sto kryje w sobie element zaskoczenia. Patrz\u0105c na st\u00f3\u0142 Endu mo\u017cna odnie\u015b\u0107 wra\u017cenie, \u017ce jego blat jest wyj\u0105tkowo cienki. Nic bardziej mylnego &#8211; z\u0142udna grubo\u015b\u0107 kilku milimetr\u00f3w to efekt przemy\u015blanej sztuczki optycznej i popis niezwykle ciekawej obr\u00f3bki masywnego, d\u0119bowego blatu. &hellip; Continue reading ST\u00d3\u0141 ENDU","og_url":"https:\/\/dller.pl\/produkt\/stol-endu\/","og_site_name":"Dller","article_modified_time":"2026-02-11T13:48:27+00:00","og_image":[{"width":1920,"height":1080,"url":"https:\/\/dller.pl\/wp-content\/uploads\/2019\/08\/img_d758i4468o_Endu_1_6386_1920_1080-1.jpg","type":"image\/jpeg"}],"twitter_card":"summary_large_image","twitter_misc":{"Gesch\u00e4tzte Lesezeit":"1\u00a0Minute"},"schema":{"@context":"https:\/\/schema.org","@graph":[{"@type":"WebPage","@id":"https:\/\/dller.pl\/produkt\/stol-endu\/","url":"https:\/\/dller.pl\/produkt\/stol-endu\/","name":"ST\u00d3\u0141 ENDU - Dller","isPartOf":{"@id":"https:\/\/dller.pl\/#website"},"primaryImageOfPage":{"@id":"https:\/\/dller.pl\/produkt\/stol-endu\/#primaryimage"},"image":{"@id":"https:\/\/dller.pl\/produkt\/stol-endu\/#primaryimage"},"thumbnailUrl":"https:\/\/dller.pl\/wp-content\/uploads\/2019\/08\/img_d758i4468o_Endu_1_6386_1920_1080-1.jpg","datePublished":"2019-09-11T12:00:30+00:00","dateModified":"2026-02-11T13:48:27+00:00","breadcrumb":{"@id":"https:\/\/dller.pl\/produkt\/stol-endu\/#breadcrumb"},"inLanguage":"de","potentialAction":[{"@type":"ReadAction","target":["https:\/\/dller.pl\/produkt\/stol-endu\/"]}]},{"@type":"ImageObject","inLanguage":"de","@id":"https:\/\/dller.pl\/produkt\/stol-endu\/#primaryimage","url":"https:\/\/dller.pl\/wp-content\/uploads\/2019\/08\/img_d758i4468o_Endu_1_6386_1920_1080-1.jpg","contentUrl":"https:\/\/dller.pl\/wp-content\/uploads\/2019\/08\/img_d758i4468o_Endu_1_6386_1920_1080-1.jpg","width":1920,"height":1080},{"@type":"BreadcrumbList","@id":"https:\/\/dller.pl\/produkt\/stol-endu\/#breadcrumb","itemListElement":[{"@type":"ListItem","position":1,"name":"Strona g\u0142\u00f3wna","item":"https:\/\/dller.pl\/de\/"},{"@type":"ListItem","position":2,"name":"Shop","item":"https:\/\/dller.pl\/de\/shop\/"},{"@type":"ListItem","position":3,"name":"ST\u00d3\u0141 ENDU"}]},{"@type":"WebSite","@id":"https:\/\/dller.pl\/#website","url":"https:\/\/dller.pl\/","name":"Dller","description":"Meble d\u0119bowe designerskie Warszawa sklep internetowy: do salonu, sypialni, jadalni","potentialAction":[{"@type":"SearchAction","target":{"@type":"EntryPoint","urlTemplate":"https:\/\/dller.pl\/?s={search_term_string}"},"query-input":"required name=search_term_string"}],"inLanguage":"de"}]}},"_links":{"self":[{"href":"https:\/\/dller.pl\/de\/wp-json\/wp\/v2\/product\/12700"}],"collection":[{"href":"https:\/\/dller.pl\/de\/wp-json\/wp\/v2\/product"}],"about":[{"href":"https:\/\/dller.pl\/de\/wp-json\/wp\/v2\/types\/product"}],"wp:featuredmedia":[{"embeddable":true,"href":"https:\/\/dller.pl\/de\/wp-json\/wp\/v2\/media\/13040"}],"wp:attachment":[{"href":"https:\/\/dller.pl\/de\/wp-json\/wp\/v2\/media?parent=12700"}],"wp:term":[{"taxonomy":"product_cat","embeddable":true,"href":"https:\/\/dller.pl\/de\/wp-json\/wp\/v2\/product_cat?post=12700"},{"taxonomy":"product_tag","embeddable":true,"href":"https:\/\/dller.pl\/de\/wp-json\/wp\/v2\/product_tag?post=12700"}],"curies":[{"name":"wp","href":"https:\/\/api.w.org\/{rel}","templated":true}]}}