{"id":12547,"date":"2019-09-11T14:00:30","date_gmt":"2019-09-11T12:00:30","guid":{"rendered":"http:\/\/dller.fancybox.pl\/import-placeholder-for-713\/"},"modified":"2025-05-20T13:24:19","modified_gmt":"2025-05-20T11:24:19","slug":"fotel-pola","status":"publish","type":"product","link":"https:\/\/dller.pl\/de\/produkt\/fotel-pola\/","title":{"rendered":"Fotel POLA"},"content":{"rendered":"<div class=\"wpb-content-wrapper\"><p>[vc_row][vc_column][vc_column_text css=&#8221;&#8221;]POLA zachwyca kszta\u0142tem i jako\u015bci\u0105 wykonania. To finezyjna, bardzo komfortowa przestrze\u0144 do odpoczynku. Wysokie odpowiednio wyprofilowane oparcie i op\u0142ywowe pod\u0142okietniki otulaj\u0105 siedz\u0105cego. Elegancka, op\u0142ywowa linia \u0142adnie komponuje si\u0119 ze smuk\u0142ymi drewnianymi n\u00f3\u017ckami. Kolekcja Pola oferuje prezentowany fotel i podn\u00f3\u017cek. Fotel mo\u017cna uzupe\u0142ni\u0107 tak\u017ce o poduszk\u0119 l\u0119d\u017awiow\u0105. Sprawd\u017a szczeg\u00f3\u0142y w karcie katologowej.<\/p>\n<p>Marka: Sits<\/p>\n<p>[\/vc_column_text][vc_btn title=&#8221;Karta katalogowa&#8221; style=&#8221;outline-custom&#8221; outline_custom_color=&#8221;#dd5656&#8243; outline_custom_hover_background=&#8221;#dd8989&#8243; outline_custom_hover_text=&#8221;#ffffff&#8221; i_icon_fontawesome=&#8221;far fa-file&#8221; css_animation=&#8221;fadeInUp&#8221; add_icon=&#8221;true&#8221; link=&#8221;url:https%3A%2F%2Fdller.fancybox.pl%2Fwp-content%2Fuploads%2F2024%2F05%2FPOLA_karta.pdf|target:_blank&#8221;][\/vc_column][\/vc_row]<\/p>\n<\/div>","protected":false},"excerpt":{"rendered":"<p>[vc_row][vc_column][vc_column_text css=&#8221;&#8221;]POLA zachwyca kszta\u0142tem i jako\u015bci\u0105 wykonania. To finezyjna, bardzo komfortowa przestrze\u0144 do odpoczynku. Wysokie odpowiednio wyprofilowane oparcie i op\u0142ywowe pod\u0142okietniki otulaj\u0105 siedz\u0105cego. Elegancka, op\u0142ywowa linia \u0142adnie komponuje si\u0119 ze smuk\u0142ymi drewnianymi n\u00f3\u017ckami. Kolekcja Pola oferuje prezentowany fotel i podn\u00f3\u017cek. Fotel mo\u017cna uzupe\u0142ni\u0107 tak\u017ce o poduszk\u0119 l\u0119d\u017awiow\u0105. Sprawd\u017a szczeg\u00f3\u0142y w karcie katologowej. Marka: Sits [\/vc_column_text][vc_btn &hellip; <a href=\"https:\/\/dller.pl\/de\/produkt\/fotel-pola\/\" class=\"more-link\">Continue reading <span class=\"screen-reader-text\">Fotel POLA<\/span><\/a><\/p>\n","protected":false},"featured_media":24543,"template":"","meta":[],"product_cat":[102],"product_tag":[],"class_list":{"0":"post-12547","1":"product","2":"type-product","3":"status-publish","4":"has-post-thumbnail","6":"product_cat-fotele","9":"outofstock","10":"taxable","11":"shipping-taxable","12":"purchasable","13":"product-type-simple"},"yoast_head":"<!-- This site is optimized with the Yoast SEO plugin v23.1 - https:\/\/yoast.com\/wordpress\/plugins\/seo\/ -->\n<title>Fotel POLA - Dller<\/title>\n<meta name=\"robots\" content=\"index, follow, max-snippet:-1, max-image-preview:large, max-video-preview:-1\" \/>\n<link rel=\"canonical\" href=\"https:\/\/dller.pl\/produkt\/fotel-pola\/\" \/>\n<meta property=\"og:locale\" content=\"de_DE\" \/>\n<meta property=\"og:type\" content=\"article\" \/>\n<meta property=\"og:title\" content=\"Fotel POLA - Dller\" \/>\n<meta property=\"og:description\" content=\"[vc_row][vc_column][vc_column_text css=&#8221;&#8221;]POLA zachwyca kszta\u0142tem i jako\u015bci\u0105 wykonania. To finezyjna, bardzo komfortowa przestrze\u0144 do odpoczynku. Wysokie odpowiednio wyprofilowane oparcie i op\u0142ywowe pod\u0142okietniki otulaj\u0105 siedz\u0105cego. Elegancka, op\u0142ywowa linia \u0142adnie komponuje si\u0119 ze smuk\u0142ymi drewnianymi n\u00f3\u017ckami. Kolekcja Pola oferuje prezentowany fotel i podn\u00f3\u017cek. Fotel mo\u017cna uzupe\u0142ni\u0107 tak\u017ce o poduszk\u0119 l\u0119d\u017awiow\u0105. Sprawd\u017a szczeg\u00f3\u0142y w karcie katologowej. Marka: Sits [\/vc_column_text][vc_btn &hellip; Continue reading Fotel POLA\" \/>\n<meta property=\"og:url\" content=\"https:\/\/dller.pl\/produkt\/fotel-pola\/\" \/>\n<meta property=\"og:site_name\" content=\"Dller\" \/>\n<meta property=\"article:modified_time\" content=\"2025-05-20T11:24:19+00:00\" \/>\n<meta property=\"og:image\" content=\"https:\/\/dller.pl\/wp-content\/uploads\/2019\/09\/pola_1.jpg\" \/>\n\t<meta property=\"og:image:width\" content=\"1920\" \/>\n\t<meta property=\"og:image:height\" content=\"1080\" \/>\n\t<meta property=\"og:image:type\" content=\"image\/jpeg\" \/>\n<meta name=\"twitter:card\" content=\"summary_large_image\" \/>\n<meta name=\"twitter:label1\" content=\"Gesch\u00e4tzte Lesezeit\" \/>\n\t<meta name=\"twitter:data1\" content=\"1\u00a0Minute\" \/>\n<script type=\"application\/ld+json\" class=\"yoast-schema-graph\">{\"@context\":\"https:\/\/schema.org\",\"@graph\":[{\"@type\":\"WebPage\",\"@id\":\"https:\/\/dller.pl\/produkt\/fotel-pola\/\",\"url\":\"https:\/\/dller.pl\/produkt\/fotel-pola\/\",\"name\":\"Fotel POLA - Dller\",\"isPartOf\":{\"@id\":\"https:\/\/dller.pl\/#website\"},\"primaryImageOfPage\":{\"@id\":\"https:\/\/dller.pl\/produkt\/fotel-pola\/#primaryimage\"},\"image\":{\"@id\":\"https:\/\/dller.pl\/produkt\/fotel-pola\/#primaryimage\"},\"thumbnailUrl\":\"https:\/\/dller.pl\/wp-content\/uploads\/2019\/09\/pola_1.jpg\",\"datePublished\":\"2019-09-11T12:00:30+00:00\",\"dateModified\":\"2025-05-20T11:24:19+00:00\",\"breadcrumb\":{\"@id\":\"https:\/\/dller.pl\/produkt\/fotel-pola\/#breadcrumb\"},\"inLanguage\":\"de\",\"potentialAction\":[{\"@type\":\"ReadAction\",\"target\":[\"https:\/\/dller.pl\/produkt\/fotel-pola\/\"]}]},{\"@type\":\"ImageObject\",\"inLanguage\":\"de\",\"@id\":\"https:\/\/dller.pl\/produkt\/fotel-pola\/#primaryimage\",\"url\":\"https:\/\/dller.pl\/wp-content\/uploads\/2019\/09\/pola_1.jpg\",\"contentUrl\":\"https:\/\/dller.pl\/wp-content\/uploads\/2019\/09\/pola_1.jpg\",\"width\":1920,\"height\":1080},{\"@type\":\"BreadcrumbList\",\"@id\":\"https:\/\/dller.pl\/produkt\/fotel-pola\/#breadcrumb\",\"itemListElement\":[{\"@type\":\"ListItem\",\"position\":1,\"name\":\"Strona g\u0142\u00f3wna\",\"item\":\"https:\/\/dller.pl\/de\/\"},{\"@type\":\"ListItem\",\"position\":2,\"name\":\"Shop\",\"item\":\"https:\/\/dller.pl\/de\/shop\/\"},{\"@type\":\"ListItem\",\"position\":3,\"name\":\"Fotel POLA\"}]},{\"@type\":\"WebSite\",\"@id\":\"https:\/\/dller.pl\/#website\",\"url\":\"https:\/\/dller.pl\/\",\"name\":\"Dller\",\"description\":\"Meble d\u0119bowe designerskie Warszawa sklep internetowy: do salonu, sypialni, jadalni\",\"potentialAction\":[{\"@type\":\"SearchAction\",\"target\":{\"@type\":\"EntryPoint\",\"urlTemplate\":\"https:\/\/dller.pl\/?s={search_term_string}\"},\"query-input\":\"required name=search_term_string\"}],\"inLanguage\":\"de\"}]}<\/script>\n<!-- \/ Yoast SEO plugin. -->","yoast_head_json":{"title":"Fotel POLA - Dller","robots":{"index":"index","follow":"follow","max-snippet":"max-snippet:-1","max-image-preview":"max-image-preview:large","max-video-preview":"max-video-preview:-1"},"canonical":"https:\/\/dller.pl\/produkt\/fotel-pola\/","og_locale":"de_DE","og_type":"article","og_title":"Fotel POLA - Dller","og_description":"[vc_row][vc_column][vc_column_text css=&#8221;&#8221;]POLA zachwyca kszta\u0142tem i jako\u015bci\u0105 wykonania. To finezyjna, bardzo komfortowa przestrze\u0144 do odpoczynku. Wysokie odpowiednio wyprofilowane oparcie i op\u0142ywowe pod\u0142okietniki otulaj\u0105 siedz\u0105cego. Elegancka, op\u0142ywowa linia \u0142adnie komponuje si\u0119 ze smuk\u0142ymi drewnianymi n\u00f3\u017ckami. Kolekcja Pola oferuje prezentowany fotel i podn\u00f3\u017cek. Fotel mo\u017cna uzupe\u0142ni\u0107 tak\u017ce o poduszk\u0119 l\u0119d\u017awiow\u0105. Sprawd\u017a szczeg\u00f3\u0142y w karcie katologowej. Marka: Sits [\/vc_column_text][vc_btn &hellip; Continue reading Fotel POLA","og_url":"https:\/\/dller.pl\/produkt\/fotel-pola\/","og_site_name":"Dller","article_modified_time":"2025-05-20T11:24:19+00:00","og_image":[{"width":1920,"height":1080,"url":"https:\/\/dller.pl\/wp-content\/uploads\/2019\/09\/pola_1.jpg","type":"image\/jpeg"}],"twitter_card":"summary_large_image","twitter_misc":{"Gesch\u00e4tzte Lesezeit":"1\u00a0Minute"},"schema":{"@context":"https:\/\/schema.org","@graph":[{"@type":"WebPage","@id":"https:\/\/dller.pl\/produkt\/fotel-pola\/","url":"https:\/\/dller.pl\/produkt\/fotel-pola\/","name":"Fotel POLA - Dller","isPartOf":{"@id":"https:\/\/dller.pl\/#website"},"primaryImageOfPage":{"@id":"https:\/\/dller.pl\/produkt\/fotel-pola\/#primaryimage"},"image":{"@id":"https:\/\/dller.pl\/produkt\/fotel-pola\/#primaryimage"},"thumbnailUrl":"https:\/\/dller.pl\/wp-content\/uploads\/2019\/09\/pola_1.jpg","datePublished":"2019-09-11T12:00:30+00:00","dateModified":"2025-05-20T11:24:19+00:00","breadcrumb":{"@id":"https:\/\/dller.pl\/produkt\/fotel-pola\/#breadcrumb"},"inLanguage":"de","potentialAction":[{"@type":"ReadAction","target":["https:\/\/dller.pl\/produkt\/fotel-pola\/"]}]},{"@type":"ImageObject","inLanguage":"de","@id":"https:\/\/dller.pl\/produkt\/fotel-pola\/#primaryimage","url":"https:\/\/dller.pl\/wp-content\/uploads\/2019\/09\/pola_1.jpg","contentUrl":"https:\/\/dller.pl\/wp-content\/uploads\/2019\/09\/pola_1.jpg","width":1920,"height":1080},{"@type":"BreadcrumbList","@id":"https:\/\/dller.pl\/produkt\/fotel-pola\/#breadcrumb","itemListElement":[{"@type":"ListItem","position":1,"name":"Strona g\u0142\u00f3wna","item":"https:\/\/dller.pl\/de\/"},{"@type":"ListItem","position":2,"name":"Shop","item":"https:\/\/dller.pl\/de\/shop\/"},{"@type":"ListItem","position":3,"name":"Fotel POLA"}]},{"@type":"WebSite","@id":"https:\/\/dller.pl\/#website","url":"https:\/\/dller.pl\/","name":"Dller","description":"Meble d\u0119bowe designerskie Warszawa sklep internetowy: do salonu, sypialni, jadalni","potentialAction":[{"@type":"SearchAction","target":{"@type":"EntryPoint","urlTemplate":"https:\/\/dller.pl\/?s={search_term_string}"},"query-input":"required name=search_term_string"}],"inLanguage":"de"}]}},"_links":{"self":[{"href":"https:\/\/dller.pl\/de\/wp-json\/wp\/v2\/product\/12547"}],"collection":[{"href":"https:\/\/dller.pl\/de\/wp-json\/wp\/v2\/product"}],"about":[{"href":"https:\/\/dller.pl\/de\/wp-json\/wp\/v2\/types\/product"}],"wp:featuredmedia":[{"embeddable":true,"href":"https:\/\/dller.pl\/de\/wp-json\/wp\/v2\/media\/24543"}],"wp:attachment":[{"href":"https:\/\/dller.pl\/de\/wp-json\/wp\/v2\/media?parent=12547"}],"wp:term":[{"taxonomy":"product_cat","embeddable":true,"href":"https:\/\/dller.pl\/de\/wp-json\/wp\/v2\/product_cat?post=12547"},{"taxonomy":"product_tag","embeddable":true,"href":"https:\/\/dller.pl\/de\/wp-json\/wp\/v2\/product_tag?post=12547"}],"curies":[{"name":"wp","href":"https:\/\/api.w.org\/{rel}","templated":true}]}}