{"id":12169,"date":"2019-09-11T13:56:10","date_gmt":"2019-09-11T11:56:10","guid":{"rendered":"http:\/\/dller.fancybox.pl\/import-placeholder-for-407\/"},"modified":"2024-06-13T13:37:37","modified_gmt":"2024-06-13T11:37:37","slug":"biurko-max-off-1a","status":"publish","type":"product","link":"https:\/\/dller.pl\/de\/produkt\/biurko-max-off-1a\/","title":{"rendered":"BIURKO MAX OFF 1A"},"content":{"rendered":"<p>W tym projekcie pierwsze skrzypce graj\u0105:\u00a0 bardzo prosta forma skupiona na 3 p\u0142aszczyznach oraz wysokogatunkowe drewno d\u0119bowe. Biurko ze wzgl\u0119du na poka\u017ane gabaryty i redukcj\u0119 wszystkiego co zb\u0119dne, stwarza idealne, przestronne miejsce do pracy. Poza minimalistycznym designem warto podkre\u015bli\u0107 tak\u017ce uniwersalno\u015b\u0107 tego projektu. Biurko z powodzeniem mo\u017cna zamieni\u0107 w st\u00f3\u0142, czy nada\u0107 mu funkcj\u0119 praktycznej wyspy kuchennej. Jeden mebel, a tak wiele skojarze\u0144.<\/p>\n<p>Do biurka proponujemy pomocnicz\u0105 szafk\u0119 na k\u00f3\u0142kach MAX OFF 2 z pojemnymi szufladami lub wersj\u0119 otwart\u0105 z p\u00f3\u0142k\u0105.<\/p>\n<p>&nbsp;<\/p>\n","protected":false},"excerpt":{"rendered":"<p>W tym projekcie pierwsze skrzypce graj\u0105:\u00a0 bardzo prosta forma skupiona na 3 p\u0142aszczyznach oraz wysokogatunkowe drewno d\u0119bowe. Biurko ze wzgl\u0119du na poka\u017ane gabaryty i redukcj\u0119 wszystkiego co zb\u0119dne, stwarza idealne, przestronne miejsce do pracy. Poza minimalistycznym designem warto podkre\u015bli\u0107 tak\u017ce uniwersalno\u015b\u0107 tego projektu. Biurko z powodzeniem mo\u017cna zamieni\u0107 w st\u00f3\u0142, czy nada\u0107 mu funkcj\u0119 praktycznej &hellip; <a href=\"https:\/\/dller.pl\/de\/produkt\/biurko-max-off-1a\/\" class=\"more-link\">Continue reading <span class=\"screen-reader-text\">BIURKO MAX OFF 1A<\/span><\/a><\/p>\n","protected":false},"featured_media":9677,"template":"","meta":[],"product_cat":[101],"product_tag":[],"class_list":{"0":"post-12169","1":"product","2":"type-product","3":"status-publish","4":"has-post-thumbnail","6":"product_cat-biurka-z-litego-drewna","7":"product_shipping_class-duze-gabaryty","10":"instock","11":"taxable","12":"shipping-taxable","13":"purchasable","14":"product-type-simple"},"yoast_head":"<!-- This site is optimized with the Yoast SEO plugin v23.1 - https:\/\/yoast.com\/wordpress\/plugins\/seo\/ -->\n<title>BIURKO MAX OFF 1A - Dller<\/title>\n<meta name=\"robots\" content=\"index, follow, max-snippet:-1, max-image-preview:large, max-video-preview:-1\" \/>\n<link rel=\"canonical\" href=\"https:\/\/dller.pl\/produkt\/biurko-max-off-1a\/\" \/>\n<meta property=\"og:locale\" content=\"de_DE\" \/>\n<meta property=\"og:type\" content=\"article\" \/>\n<meta property=\"og:title\" content=\"BIURKO MAX OFF 1A - Dller\" \/>\n<meta property=\"og:description\" content=\"W tym projekcie pierwsze skrzypce graj\u0105:\u00a0 bardzo prosta forma skupiona na 3 p\u0142aszczyznach oraz wysokogatunkowe drewno d\u0119bowe. Biurko ze wzgl\u0119du na poka\u017ane gabaryty i redukcj\u0119 wszystkiego co zb\u0119dne, stwarza idealne, przestronne miejsce do pracy. Poza minimalistycznym designem warto podkre\u015bli\u0107 tak\u017ce uniwersalno\u015b\u0107 tego projektu. Biurko z powodzeniem mo\u017cna zamieni\u0107 w st\u00f3\u0142, czy nada\u0107 mu funkcj\u0119 praktycznej &hellip; Continue reading BIURKO MAX OFF 1A\" \/>\n<meta property=\"og:url\" content=\"https:\/\/dller.pl\/produkt\/biurko-max-off-1a\/\" \/>\n<meta property=\"og:site_name\" content=\"Dller\" \/>\n<meta property=\"article:modified_time\" content=\"2024-06-13T11:37:37+00:00\" \/>\n<meta property=\"og:image\" content=\"https:\/\/dller.pl\/wp-content\/uploads\/2019\/08\/img_d411i4528o_MAXOFF1_1_6457_1920_1080.jpg\" \/>\n\t<meta property=\"og:image:width\" content=\"1920\" \/>\n\t<meta property=\"og:image:height\" content=\"1080\" \/>\n\t<meta property=\"og:image:type\" content=\"image\/jpeg\" \/>\n<meta name=\"twitter:card\" content=\"summary_large_image\" \/>\n<meta name=\"twitter:label1\" content=\"Gesch\u00e4tzte Lesezeit\" \/>\n\t<meta name=\"twitter:data1\" content=\"1\u00a0Minute\" \/>\n<script type=\"application\/ld+json\" class=\"yoast-schema-graph\">{\"@context\":\"https:\/\/schema.org\",\"@graph\":[{\"@type\":\"WebPage\",\"@id\":\"https:\/\/dller.pl\/produkt\/biurko-max-off-1a\/\",\"url\":\"https:\/\/dller.pl\/produkt\/biurko-max-off-1a\/\",\"name\":\"BIURKO MAX OFF 1A - Dller\",\"isPartOf\":{\"@id\":\"https:\/\/dller.pl\/#website\"},\"primaryImageOfPage\":{\"@id\":\"https:\/\/dller.pl\/produkt\/biurko-max-off-1a\/#primaryimage\"},\"image\":{\"@id\":\"https:\/\/dller.pl\/produkt\/biurko-max-off-1a\/#primaryimage\"},\"thumbnailUrl\":\"https:\/\/dller.pl\/wp-content\/uploads\/2019\/08\/img_d411i4528o_MAXOFF1_1_6457_1920_1080.jpg\",\"datePublished\":\"2019-09-11T11:56:10+00:00\",\"dateModified\":\"2024-06-13T11:37:37+00:00\",\"breadcrumb\":{\"@id\":\"https:\/\/dller.pl\/produkt\/biurko-max-off-1a\/#breadcrumb\"},\"inLanguage\":\"de\",\"potentialAction\":[{\"@type\":\"ReadAction\",\"target\":[\"https:\/\/dller.pl\/produkt\/biurko-max-off-1a\/\"]}]},{\"@type\":\"ImageObject\",\"inLanguage\":\"de\",\"@id\":\"https:\/\/dller.pl\/produkt\/biurko-max-off-1a\/#primaryimage\",\"url\":\"https:\/\/dller.pl\/wp-content\/uploads\/2019\/08\/img_d411i4528o_MAXOFF1_1_6457_1920_1080.jpg\",\"contentUrl\":\"https:\/\/dller.pl\/wp-content\/uploads\/2019\/08\/img_d411i4528o_MAXOFF1_1_6457_1920_1080.jpg\",\"width\":1920,\"height\":1080},{\"@type\":\"BreadcrumbList\",\"@id\":\"https:\/\/dller.pl\/produkt\/biurko-max-off-1a\/#breadcrumb\",\"itemListElement\":[{\"@type\":\"ListItem\",\"position\":1,\"name\":\"Strona g\u0142\u00f3wna\",\"item\":\"https:\/\/dller.pl\/de\/\"},{\"@type\":\"ListItem\",\"position\":2,\"name\":\"Shop\",\"item\":\"https:\/\/dller.pl\/de\/shop\/\"},{\"@type\":\"ListItem\",\"position\":3,\"name\":\"BIURKO MAX OFF 1A\"}]},{\"@type\":\"WebSite\",\"@id\":\"https:\/\/dller.pl\/#website\",\"url\":\"https:\/\/dller.pl\/\",\"name\":\"Dller\",\"description\":\"Meble d\u0119bowe designerskie Warszawa sklep internetowy: do salonu, sypialni, jadalni\",\"potentialAction\":[{\"@type\":\"SearchAction\",\"target\":{\"@type\":\"EntryPoint\",\"urlTemplate\":\"https:\/\/dller.pl\/?s={search_term_string}\"},\"query-input\":\"required name=search_term_string\"}],\"inLanguage\":\"de\"}]}<\/script>\n<!-- \/ Yoast SEO plugin. -->","yoast_head_json":{"title":"BIURKO MAX OFF 1A - Dller","robots":{"index":"index","follow":"follow","max-snippet":"max-snippet:-1","max-image-preview":"max-image-preview:large","max-video-preview":"max-video-preview:-1"},"canonical":"https:\/\/dller.pl\/produkt\/biurko-max-off-1a\/","og_locale":"de_DE","og_type":"article","og_title":"BIURKO MAX OFF 1A - Dller","og_description":"W tym projekcie pierwsze skrzypce graj\u0105:\u00a0 bardzo prosta forma skupiona na 3 p\u0142aszczyznach oraz wysokogatunkowe drewno d\u0119bowe. Biurko ze wzgl\u0119du na poka\u017ane gabaryty i redukcj\u0119 wszystkiego co zb\u0119dne, stwarza idealne, przestronne miejsce do pracy. Poza minimalistycznym designem warto podkre\u015bli\u0107 tak\u017ce uniwersalno\u015b\u0107 tego projektu. Biurko z powodzeniem mo\u017cna zamieni\u0107 w st\u00f3\u0142, czy nada\u0107 mu funkcj\u0119 praktycznej &hellip; Continue reading BIURKO MAX OFF 1A","og_url":"https:\/\/dller.pl\/produkt\/biurko-max-off-1a\/","og_site_name":"Dller","article_modified_time":"2024-06-13T11:37:37+00:00","og_image":[{"width":1920,"height":1080,"url":"https:\/\/dller.pl\/wp-content\/uploads\/2019\/08\/img_d411i4528o_MAXOFF1_1_6457_1920_1080.jpg","type":"image\/jpeg"}],"twitter_card":"summary_large_image","twitter_misc":{"Gesch\u00e4tzte Lesezeit":"1\u00a0Minute"},"schema":{"@context":"https:\/\/schema.org","@graph":[{"@type":"WebPage","@id":"https:\/\/dller.pl\/produkt\/biurko-max-off-1a\/","url":"https:\/\/dller.pl\/produkt\/biurko-max-off-1a\/","name":"BIURKO MAX OFF 1A - Dller","isPartOf":{"@id":"https:\/\/dller.pl\/#website"},"primaryImageOfPage":{"@id":"https:\/\/dller.pl\/produkt\/biurko-max-off-1a\/#primaryimage"},"image":{"@id":"https:\/\/dller.pl\/produkt\/biurko-max-off-1a\/#primaryimage"},"thumbnailUrl":"https:\/\/dller.pl\/wp-content\/uploads\/2019\/08\/img_d411i4528o_MAXOFF1_1_6457_1920_1080.jpg","datePublished":"2019-09-11T11:56:10+00:00","dateModified":"2024-06-13T11:37:37+00:00","breadcrumb":{"@id":"https:\/\/dller.pl\/produkt\/biurko-max-off-1a\/#breadcrumb"},"inLanguage":"de","potentialAction":[{"@type":"ReadAction","target":["https:\/\/dller.pl\/produkt\/biurko-max-off-1a\/"]}]},{"@type":"ImageObject","inLanguage":"de","@id":"https:\/\/dller.pl\/produkt\/biurko-max-off-1a\/#primaryimage","url":"https:\/\/dller.pl\/wp-content\/uploads\/2019\/08\/img_d411i4528o_MAXOFF1_1_6457_1920_1080.jpg","contentUrl":"https:\/\/dller.pl\/wp-content\/uploads\/2019\/08\/img_d411i4528o_MAXOFF1_1_6457_1920_1080.jpg","width":1920,"height":1080},{"@type":"BreadcrumbList","@id":"https:\/\/dller.pl\/produkt\/biurko-max-off-1a\/#breadcrumb","itemListElement":[{"@type":"ListItem","position":1,"name":"Strona g\u0142\u00f3wna","item":"https:\/\/dller.pl\/de\/"},{"@type":"ListItem","position":2,"name":"Shop","item":"https:\/\/dller.pl\/de\/shop\/"},{"@type":"ListItem","position":3,"name":"BIURKO MAX OFF 1A"}]},{"@type":"WebSite","@id":"https:\/\/dller.pl\/#website","url":"https:\/\/dller.pl\/","name":"Dller","description":"Meble d\u0119bowe designerskie Warszawa sklep internetowy: do salonu, sypialni, jadalni","potentialAction":[{"@type":"SearchAction","target":{"@type":"EntryPoint","urlTemplate":"https:\/\/dller.pl\/?s={search_term_string}"},"query-input":"required name=search_term_string"}],"inLanguage":"de"}]}},"_links":{"self":[{"href":"https:\/\/dller.pl\/de\/wp-json\/wp\/v2\/product\/12169"}],"collection":[{"href":"https:\/\/dller.pl\/de\/wp-json\/wp\/v2\/product"}],"about":[{"href":"https:\/\/dller.pl\/de\/wp-json\/wp\/v2\/types\/product"}],"wp:featuredmedia":[{"embeddable":true,"href":"https:\/\/dller.pl\/de\/wp-json\/wp\/v2\/media\/9677"}],"wp:attachment":[{"href":"https:\/\/dller.pl\/de\/wp-json\/wp\/v2\/media?parent=12169"}],"wp:term":[{"taxonomy":"product_cat","embeddable":true,"href":"https:\/\/dller.pl\/de\/wp-json\/wp\/v2\/product_cat?post=12169"},{"taxonomy":"product_tag","embeddable":true,"href":"https:\/\/dller.pl\/de\/wp-json\/wp\/v2\/product_tag?post=12169"}],"curies":[{"name":"wp","href":"https:\/\/api.w.org\/{rel}","templated":true}]}}