{"id":12115,"date":"2019-11-08T14:13:56","date_gmt":"2019-11-08T13:13:56","guid":{"rendered":"http:\/\/dller.fancybox.pl\/import-placeholder-for-100\/"},"modified":"2026-02-11T14:38:23","modified_gmt":"2026-02-11T13:38:23","slug":"kredens-amora","status":"publish","type":"product","link":"https:\/\/dller.pl\/de\/produkt\/kredens-amora\/","title":{"rendered":"KREDENS AMORA"},"content":{"rendered":"<p><strong>UWAGA!\u00a0 Promocja dotyczy modelu z ekspozycji.<\/strong><\/p>\n<p>&nbsp;<\/p>\n<p>Nic tak nie stworzy przytulnej, pe\u0142nej sentymentalnego wyd\u017awi\u0119ku atmosfery we wn\u0119trzu jak drewniany kredens. Cho\u0107 osadzony w tradycji, ci\u0105gle inspiruje do wsp\u00f3\u0142czesnych rozwi\u0105za\u0144 dekoratorskich. Ten wyj\u0105tkowy mebel zaspokoi gusta mi\u0142o\u015bnik\u00f3w klasycznych, eleganckich form. Mo\u017ce by\u0107 tak\u017ce natchnieniem dla amator\u00f3w prowansalskich klimat\u00f3w, a dla zwolennik\u00f3w \u0142\u0105czenia starego z nowym w eklektyczn\u0105 kompozycj\u0119, prawdziwym sprawdzianem wyczucia smaku. Dzi\u0119ki niemu urz\u0105dzaj\u0105c jadalni\u0119, kuchni\u0119 czy salon mo\u017cesz dokona\u0107 spektakularnej aran\u017cacji.<\/p>\n<p>&nbsp;<\/p>\n<p>&nbsp;<\/p>\n","protected":false},"excerpt":{"rendered":"<p>UWAGA!\u00a0 Promocja dotyczy modelu z ekspozycji. &nbsp; Nic tak nie stworzy przytulnej, pe\u0142nej sentymentalnego wyd\u017awi\u0119ku atmosfery we wn\u0119trzu jak drewniany kredens. Cho\u0107 osadzony w tradycji, ci\u0105gle inspiruje do wsp\u00f3\u0142czesnych rozwi\u0105za\u0144 dekoratorskich. Ten wyj\u0105tkowy mebel zaspokoi gusta mi\u0142o\u015bnik\u00f3w klasycznych, eleganckich form. Mo\u017ce by\u0107 tak\u017ce natchnieniem dla amator\u00f3w prowansalskich klimat\u00f3w, a dla zwolennik\u00f3w \u0142\u0105czenia starego z nowym &hellip; <a href=\"https:\/\/dller.pl\/de\/produkt\/kredens-amora\/\" class=\"more-link\">Continue reading <span class=\"screen-reader-text\">KREDENS AMORA<\/span><\/a><\/p>\n","protected":false},"featured_media":8695,"template":"","meta":[],"product_cat":[377],"product_tag":[],"class_list":{"0":"post-12115","1":"product","2":"type-product","3":"status-publish","4":"has-post-thumbnail","6":"product_cat-kredensy","7":"product_shipping_class-wielkie-gabaryty","10":"instock","11":"sale","12":"featured","13":"taxable","14":"shipping-taxable","15":"purchasable","16":"product-type-simple"},"yoast_head":"<!-- This site is optimized with the Yoast SEO plugin v23.1 - https:\/\/yoast.com\/wordpress\/plugins\/seo\/ -->\n<title>KREDENS AMORA - Dller<\/title>\n<meta name=\"robots\" content=\"index, follow, max-snippet:-1, max-image-preview:large, max-video-preview:-1\" \/>\n<link rel=\"canonical\" href=\"https:\/\/dller.pl\/produkt\/kredens-amora\/\" \/>\n<meta property=\"og:locale\" content=\"de_DE\" \/>\n<meta property=\"og:type\" content=\"article\" \/>\n<meta property=\"og:title\" content=\"KREDENS AMORA - Dller\" \/>\n<meta property=\"og:description\" content=\"UWAGA!\u00a0 Promocja dotyczy modelu z ekspozycji. &nbsp; Nic tak nie stworzy przytulnej, pe\u0142nej sentymentalnego wyd\u017awi\u0119ku atmosfery we wn\u0119trzu jak drewniany kredens. Cho\u0107 osadzony w tradycji, ci\u0105gle inspiruje do wsp\u00f3\u0142czesnych rozwi\u0105za\u0144 dekoratorskich. Ten wyj\u0105tkowy mebel zaspokoi gusta mi\u0142o\u015bnik\u00f3w klasycznych, eleganckich form. Mo\u017ce by\u0107 tak\u017ce natchnieniem dla amator\u00f3w prowansalskich klimat\u00f3w, a dla zwolennik\u00f3w \u0142\u0105czenia starego z nowym &hellip; Continue reading KREDENS AMORA\" \/>\n<meta property=\"og:url\" content=\"https:\/\/dller.pl\/produkt\/kredens-amora\/\" \/>\n<meta property=\"og:site_name\" content=\"Dller\" \/>\n<meta property=\"article:modified_time\" content=\"2026-02-11T13:38:23+00:00\" \/>\n<meta property=\"og:image\" content=\"https:\/\/dller.pl\/wp-content\/uploads\/2019\/08\/img_d100i59o_Amora_1_82_1920_1080.jpg\" \/>\n\t<meta property=\"og:image:width\" content=\"1920\" \/>\n\t<meta property=\"og:image:height\" content=\"1080\" \/>\n\t<meta property=\"og:image:type\" content=\"image\/jpeg\" \/>\n<meta name=\"twitter:card\" content=\"summary_large_image\" \/>\n<meta name=\"twitter:label1\" content=\"Gesch\u00e4tzte Lesezeit\" \/>\n\t<meta name=\"twitter:data1\" content=\"1\u00a0Minute\" \/>\n<script type=\"application\/ld+json\" class=\"yoast-schema-graph\">{\"@context\":\"https:\/\/schema.org\",\"@graph\":[{\"@type\":\"WebPage\",\"@id\":\"https:\/\/dller.pl\/produkt\/kredens-amora\/\",\"url\":\"https:\/\/dller.pl\/produkt\/kredens-amora\/\",\"name\":\"KREDENS AMORA - Dller\",\"isPartOf\":{\"@id\":\"https:\/\/dller.pl\/#website\"},\"primaryImageOfPage\":{\"@id\":\"https:\/\/dller.pl\/produkt\/kredens-amora\/#primaryimage\"},\"image\":{\"@id\":\"https:\/\/dller.pl\/produkt\/kredens-amora\/#primaryimage\"},\"thumbnailUrl\":\"https:\/\/dller.pl\/wp-content\/uploads\/2019\/08\/img_d100i59o_Amora_1_82_1920_1080.jpg\",\"datePublished\":\"2019-11-08T13:13:56+00:00\",\"dateModified\":\"2026-02-11T13:38:23+00:00\",\"breadcrumb\":{\"@id\":\"https:\/\/dller.pl\/produkt\/kredens-amora\/#breadcrumb\"},\"inLanguage\":\"de\",\"potentialAction\":[{\"@type\":\"ReadAction\",\"target\":[\"https:\/\/dller.pl\/produkt\/kredens-amora\/\"]}]},{\"@type\":\"ImageObject\",\"inLanguage\":\"de\",\"@id\":\"https:\/\/dller.pl\/produkt\/kredens-amora\/#primaryimage\",\"url\":\"https:\/\/dller.pl\/wp-content\/uploads\/2019\/08\/img_d100i59o_Amora_1_82_1920_1080.jpg\",\"contentUrl\":\"https:\/\/dller.pl\/wp-content\/uploads\/2019\/08\/img_d100i59o_Amora_1_82_1920_1080.jpg\",\"width\":1920,\"height\":1080},{\"@type\":\"BreadcrumbList\",\"@id\":\"https:\/\/dller.pl\/produkt\/kredens-amora\/#breadcrumb\",\"itemListElement\":[{\"@type\":\"ListItem\",\"position\":1,\"name\":\"Strona g\u0142\u00f3wna\",\"item\":\"https:\/\/dller.pl\/de\/\"},{\"@type\":\"ListItem\",\"position\":2,\"name\":\"Shop\",\"item\":\"https:\/\/dller.pl\/de\/shop\/\"},{\"@type\":\"ListItem\",\"position\":3,\"name\":\"KREDENS AMORA\"}]},{\"@type\":\"WebSite\",\"@id\":\"https:\/\/dller.pl\/#website\",\"url\":\"https:\/\/dller.pl\/\",\"name\":\"Dller\",\"description\":\"Meble d\u0119bowe designerskie Warszawa sklep internetowy: do salonu, sypialni, jadalni\",\"potentialAction\":[{\"@type\":\"SearchAction\",\"target\":{\"@type\":\"EntryPoint\",\"urlTemplate\":\"https:\/\/dller.pl\/?s={search_term_string}\"},\"query-input\":\"required name=search_term_string\"}],\"inLanguage\":\"de\"}]}<\/script>\n<!-- \/ Yoast SEO plugin. -->","yoast_head_json":{"title":"KREDENS AMORA - Dller","robots":{"index":"index","follow":"follow","max-snippet":"max-snippet:-1","max-image-preview":"max-image-preview:large","max-video-preview":"max-video-preview:-1"},"canonical":"https:\/\/dller.pl\/produkt\/kredens-amora\/","og_locale":"de_DE","og_type":"article","og_title":"KREDENS AMORA - Dller","og_description":"UWAGA!\u00a0 Promocja dotyczy modelu z ekspozycji. &nbsp; Nic tak nie stworzy przytulnej, pe\u0142nej sentymentalnego wyd\u017awi\u0119ku atmosfery we wn\u0119trzu jak drewniany kredens. Cho\u0107 osadzony w tradycji, ci\u0105gle inspiruje do wsp\u00f3\u0142czesnych rozwi\u0105za\u0144 dekoratorskich. Ten wyj\u0105tkowy mebel zaspokoi gusta mi\u0142o\u015bnik\u00f3w klasycznych, eleganckich form. Mo\u017ce by\u0107 tak\u017ce natchnieniem dla amator\u00f3w prowansalskich klimat\u00f3w, a dla zwolennik\u00f3w \u0142\u0105czenia starego z nowym &hellip; Continue reading KREDENS AMORA","og_url":"https:\/\/dller.pl\/produkt\/kredens-amora\/","og_site_name":"Dller","article_modified_time":"2026-02-11T13:38:23+00:00","og_image":[{"width":1920,"height":1080,"url":"https:\/\/dller.pl\/wp-content\/uploads\/2019\/08\/img_d100i59o_Amora_1_82_1920_1080.jpg","type":"image\/jpeg"}],"twitter_card":"summary_large_image","twitter_misc":{"Gesch\u00e4tzte Lesezeit":"1\u00a0Minute"},"schema":{"@context":"https:\/\/schema.org","@graph":[{"@type":"WebPage","@id":"https:\/\/dller.pl\/produkt\/kredens-amora\/","url":"https:\/\/dller.pl\/produkt\/kredens-amora\/","name":"KREDENS AMORA - Dller","isPartOf":{"@id":"https:\/\/dller.pl\/#website"},"primaryImageOfPage":{"@id":"https:\/\/dller.pl\/produkt\/kredens-amora\/#primaryimage"},"image":{"@id":"https:\/\/dller.pl\/produkt\/kredens-amora\/#primaryimage"},"thumbnailUrl":"https:\/\/dller.pl\/wp-content\/uploads\/2019\/08\/img_d100i59o_Amora_1_82_1920_1080.jpg","datePublished":"2019-11-08T13:13:56+00:00","dateModified":"2026-02-11T13:38:23+00:00","breadcrumb":{"@id":"https:\/\/dller.pl\/produkt\/kredens-amora\/#breadcrumb"},"inLanguage":"de","potentialAction":[{"@type":"ReadAction","target":["https:\/\/dller.pl\/produkt\/kredens-amora\/"]}]},{"@type":"ImageObject","inLanguage":"de","@id":"https:\/\/dller.pl\/produkt\/kredens-amora\/#primaryimage","url":"https:\/\/dller.pl\/wp-content\/uploads\/2019\/08\/img_d100i59o_Amora_1_82_1920_1080.jpg","contentUrl":"https:\/\/dller.pl\/wp-content\/uploads\/2019\/08\/img_d100i59o_Amora_1_82_1920_1080.jpg","width":1920,"height":1080},{"@type":"BreadcrumbList","@id":"https:\/\/dller.pl\/produkt\/kredens-amora\/#breadcrumb","itemListElement":[{"@type":"ListItem","position":1,"name":"Strona g\u0142\u00f3wna","item":"https:\/\/dller.pl\/de\/"},{"@type":"ListItem","position":2,"name":"Shop","item":"https:\/\/dller.pl\/de\/shop\/"},{"@type":"ListItem","position":3,"name":"KREDENS AMORA"}]},{"@type":"WebSite","@id":"https:\/\/dller.pl\/#website","url":"https:\/\/dller.pl\/","name":"Dller","description":"Meble d\u0119bowe designerskie Warszawa sklep internetowy: do salonu, sypialni, jadalni","potentialAction":[{"@type":"SearchAction","target":{"@type":"EntryPoint","urlTemplate":"https:\/\/dller.pl\/?s={search_term_string}"},"query-input":"required name=search_term_string"}],"inLanguage":"de"}]}},"_links":{"self":[{"href":"https:\/\/dller.pl\/de\/wp-json\/wp\/v2\/product\/12115"}],"collection":[{"href":"https:\/\/dller.pl\/de\/wp-json\/wp\/v2\/product"}],"about":[{"href":"https:\/\/dller.pl\/de\/wp-json\/wp\/v2\/types\/product"}],"wp:featuredmedia":[{"embeddable":true,"href":"https:\/\/dller.pl\/de\/wp-json\/wp\/v2\/media\/8695"}],"wp:attachment":[{"href":"https:\/\/dller.pl\/de\/wp-json\/wp\/v2\/media?parent=12115"}],"wp:term":[{"taxonomy":"product_cat","embeddable":true,"href":"https:\/\/dller.pl\/de\/wp-json\/wp\/v2\/product_cat?post=12115"},{"taxonomy":"product_tag","embeddable":true,"href":"https:\/\/dller.pl\/de\/wp-json\/wp\/v2\/product_tag?post=12115"}],"curies":[{"name":"wp","href":"https:\/\/api.w.org\/{rel}","templated":true}]}}